{"id":1001,"date":"2025-08-17T16:35:24","date_gmt":"2025-08-17T15:35:24","guid":{"rendered":"https:\/\/www.meliponarios-loriga.com\/?page_id=1001"},"modified":"2025-08-17T21:17:51","modified_gmt":"2025-08-17T20:17:51","slug":"la-miel_de","status":"publish","type":"page","link":"https:\/\/www.meliponarios-loriga.com\/index.php\/de\/la-miel_de\/","title":{"rendered":"LA MIEL_de"},"content":{"rendered":"<style>.kb-row-layout-id1001_39326c-1e > .kt-row-column-wrap{align-content:center;}:where(.kb-row-layout-id1001_39326c-1e > .kt-row-column-wrap) > .wp-block-kadence-column{justify-content:center;}.kb-row-layout-id1001_39326c-1e > .kt-row-column-wrap{column-gap:20px;row-gap:var(--global-kb-gap-md, 2rem);max-width:var( --global-content-width, 1290px );padding-left:var(--global-content-edge-padding);padding-right:var(--global-content-edge-padding);padding-top:0px;padding-right:0px;padding-bottom:120px;padding-left:0px;grid-template-columns:minmax(0, calc(55% - ((20px * 1 )\/2)))minmax(0, calc(45% - ((20px * 1 )\/2)));}.kb-row-layout-id1001_39326c-1e > .kt-row-layout-overlay{opacity:1;background:linear-gradient(270deg, var(--global-palette8) 35%, var(--global-palette9) 0%);}@media all and (max-width: 1024px){.kb-row-layout-id1001_39326c-1e > .kt-row-column-wrap{padding-top:60px;padding-right:40px;padding-bottom:60px;padding-left:40px;grid-template-columns:minmax(0, 1fr);}}@media all and (max-width: 767px){.kb-row-layout-id1001_39326c-1e > .kt-row-column-wrap{padding-top:60px;padding-right:30px;padding-bottom:60px;padding-left:30px;grid-template-columns:minmax(0, 1fr);}}<\/style><div class=\"kb-row-layout-wrap kb-row-layout-id1001_39326c-1e alignnone kt-row-has-bg wp-block-kadence-rowlayout\"><div class=\"kt-row-layout-overlay kt-row-overlay-gradient\"><\/div><div class=\"kt-row-column-wrap kt-has-2-columns kt-row-layout-equal kt-tab-layout-row kt-mobile-layout-row kt-row-valign-middle kb-theme-content-width\">\n<style>.kadence-column1001_c64114-92 > .kt-inside-inner-col{display:flex;}.kadence-column1001_c64114-92 > .kt-inside-inner-col,.kadence-column1001_c64114-92 > .kt-inside-inner-col:before{border-top-left-radius:0px;border-top-right-radius:0px;border-bottom-right-radius:0px;border-bottom-left-radius:0px;}.kadence-column1001_c64114-92 > .kt-inside-inner-col{column-gap:var(--global-kb-gap-sm, 1rem);}.kadence-column1001_c64114-92 > .kt-inside-inner-col{flex-direction:column;justify-content:flex-start;}.kadence-column1001_c64114-92 > .kt-inside-inner-col > .aligncenter{width:100%;}.kt-row-column-wrap > .kadence-column1001_c64114-92{align-self:flex-start;}.kt-inner-column-height-full:not(.kt-has-1-columns) > .wp-block-kadence-column.kadence-column1001_c64114-92{align-self:auto;}.kt-inner-column-height-full:not(.kt-has-1-columns) > .wp-block-kadence-column.kadence-column1001_c64114-92 > .kt-inside-inner-col{flex-direction:column;justify-content:flex-start;}.kadence-column1001_c64114-92 > .kt-inside-inner-col:before{opacity:0.3;}.kadence-column1001_c64114-92{position:relative;}.kadence-column1001_c64114-92, .kt-inside-inner-col > .kadence-column1001_c64114-92:not(.specificity){margin-right:50px;}@media all and (max-width: 1024px){.kadence-column1001_c64114-92 > .kt-inside-inner-col{padding-right:0px;padding-left:0px;flex-direction:column;justify-content:flex-start;}}@media all and (max-width: 1024px){.kt-row-column-wrap > .kadence-column1001_c64114-92{align-self:flex-start;}}@media all and (max-width: 1024px){.kt-inner-column-height-full:not(.kt-has-1-columns) > .wp-block-kadence-column.kadence-column1001_c64114-92{align-self:auto;}}@media all and (max-width: 1024px){.kt-inner-column-height-full:not(.kt-has-1-columns) > .wp-block-kadence-column.kadence-column1001_c64114-92 > .kt-inside-inner-col{flex-direction:column;justify-content:flex-start;}}@media all and (max-width: 1024px){.kadence-column1001_c64114-92, .kt-inside-inner-col > .kadence-column1001_c64114-92:not(.specificity){margin-right:0px;margin-left:0px;}}@media all and (max-width: 767px){.kt-row-column-wrap > .kadence-column1001_c64114-92{align-self:flex-start;}.kt-inner-column-height-full:not(.kt-has-1-columns) > .wp-block-kadence-column.kadence-column1001_c64114-92{align-self:auto;}.kt-inner-column-height-full:not(.kt-has-1-columns) > .wp-block-kadence-column.kadence-column1001_c64114-92 > .kt-inside-inner-col{flex-direction:column;justify-content:flex-start;}.kadence-column1001_c64114-92 > .kt-inside-inner-col{flex-direction:column;justify-content:flex-start;}.kadence-column1001_c64114-92, .kt-inside-inner-col > .kadence-column1001_c64114-92:not(.specificity){margin-right:0px;margin-left:0px;}}<\/style>\n<div class=\"wp-block-kadence-column kadence-column1001_c64114-92 inner-column-1\"><div class=\"kt-inside-inner-col\"><style>.kb-row-layout-wrap.wp-block-kadence-rowlayout.kb-row-layout-id1001_93aa9e-be{margin-bottom:50px;}.kb-row-layout-id1001_93aa9e-be > .kt-row-column-wrap{align-content:start;}:where(.kb-row-layout-id1001_93aa9e-be > .kt-row-column-wrap) > .wp-block-kadence-column{justify-content:start;}.kb-row-layout-id1001_93aa9e-be > .kt-row-column-wrap{column-gap:var(--global-kb-gap-md, 2rem);row-gap:var(--global-kb-gap-md, 2rem);padding-top:0px;padding-right:40px;padding-bottom:0px;padding-left:0px;grid-template-columns:minmax(0, 1fr);}.kb-row-layout-id1001_93aa9e-be > .kt-row-layout-overlay{opacity:0.30;}@media all and (max-width: 1024px){.kb-row-layout-id1001_93aa9e-be > .kt-row-column-wrap{padding-right:0px;padding-left:0px;grid-template-columns:minmax(0, 1fr);}}@media all and (max-width: 767px){.kb-row-layout-id1001_93aa9e-be > .kt-row-column-wrap{padding-right:0px;padding-left:0px;grid-template-columns:minmax(0, 1fr);}}<\/style><div class=\"kb-row-layout-wrap kb-row-layout-id1001_93aa9e-be alignnone wp-block-kadence-rowlayout\"><div class=\"kt-row-column-wrap kt-has-1-columns kt-row-layout-equal kt-tab-layout-inherit kt-mobile-layout-row kt-row-valign-top\">\n<style>.kadence-column1001_3c93eb-4e > .kt-inside-inner-col,.kadence-column1001_3c93eb-4e > .kt-inside-inner-col:before{border-top-left-radius:0px;border-top-right-radius:0px;border-bottom-right-radius:0px;border-bottom-left-radius:0px;}.kadence-column1001_3c93eb-4e > .kt-inside-inner-col{column-gap:var(--global-kb-gap-sm, 1rem);}.kadence-column1001_3c93eb-4e > .kt-inside-inner-col{flex-direction:column;}.kadence-column1001_3c93eb-4e > .kt-inside-inner-col > .aligncenter{width:100%;}.kadence-column1001_3c93eb-4e > .kt-inside-inner-col:before{opacity:0.3;}.kadence-column1001_3c93eb-4e{position:relative;}@media all and (max-width: 1024px){.kadence-column1001_3c93eb-4e > .kt-inside-inner-col{flex-direction:column;justify-content:center;}}@media all and (max-width: 1024px){.kadence-column1001_3c93eb-4e, .kt-inside-inner-col > .kadence-column1001_3c93eb-4e:not(.specificity){margin-right:0px;margin-left:0px;}}@media all and (max-width: 767px){.kadence-column1001_3c93eb-4e > .kt-inside-inner-col{flex-direction:column;justify-content:center;}}<\/style>\n<div class=\"wp-block-kadence-column kadence-column1001_3c93eb-4e inner-column-1\"><div class=\"kt-inside-inner-col\"><style>.wp-block-kadence-advancedheading.kt-adv-heading1001_77b731-4b, .wp-block-kadence-advancedheading.kt-adv-heading1001_77b731-4b[data-kb-block=\"kb-adv-heading1001_77b731-4b\"]{max-width:1598px;padding-top:0px;margin-top:0px;text-align:left;font-style:normal;}.wp-block-kadence-advancedheading.kt-adv-heading1001_77b731-4b mark.kt-highlight, .wp-block-kadence-advancedheading.kt-adv-heading1001_77b731-4b[data-kb-block=\"kb-adv-heading1001_77b731-4b\"] mark.kt-highlight{font-style:normal;color:#f76a0c;-webkit-box-decoration-break:clone;box-decoration-break:clone;padding-top:0px;padding-right:0px;padding-bottom:0px;padding-left:0px;}@media all and (max-width: 1024px){.wp-block-kadence-advancedheading.kt-adv-heading1001_77b731-4b, .wp-block-kadence-advancedheading.kt-adv-heading1001_77b731-4b[data-kb-block=\"kb-adv-heading1001_77b731-4b\"]{text-align:center!important;}}@media all and (max-width: 767px){.wp-block-kadence-advancedheading.kt-adv-heading1001_77b731-4b, .wp-block-kadence-advancedheading.kt-adv-heading1001_77b731-4b[data-kb-block=\"kb-adv-heading1001_77b731-4b\"]{font-size:var(--global-kb-font-size-xl, 3rem);text-align:center!important;}}<\/style>\n<h4 class=\"kt-adv-heading1001_77b731-4b wp-block-kadence-advancedheading\" data-kb-block=\"kb-adv-heading1001_77b731-4b\"><br>Der Honig<\/h4>\n\n\n\n<p>Der Honig der <em>Melipona beecheii<\/em> ist einzigartig. Seine Konsistenz ist fl\u00fcssiger als die von herk\u00f6mmlichem Honig und sein Geschmack verbindet S\u00fc\u00dfe mit einer sehr angenehmen sauren Note. Dank seiner nat\u00fcrlichen Zusammensetzung wird dieser Honig traditionell zur Behandlung von Entz\u00fcndungen, Infektionen und Verdauungsproblemen sowie zur St\u00e4rkung des Immunsystems verwendet.<br>Der Honig ist reich an Antioxidantien und entz\u00fcndungshemmenden Substanzen und kann hinsichtlich seiner positiven Wirkung auf den menschlichen K\u00f6rper mit Manuka-Honig verglichen werden.<\/p>\n\n\n\n<p>Neben Honig produzieren diese Bienen zwei weitere nat\u00fcrliche Sch\u00e4tze: \u201eBienenbrot\u201d, fermentierter Pollen, ist ein protein- und probiotikareiches Lebensmittel, das sich positiv auf die Darmgesundheit und die allgemeine Vitalit\u00e4t auswirkt.<br>Propolis, eine Mischung aus Wachs und Harz, wirkt als Desinfektionsmittel im Bienenstock und wird wegen seiner antibakteriellen und antiviralen Eigenschaften gesch\u00e4tzt.<\/p>\n\n\n\n<p>Alle Produkte werden in Handarbeit und in kleinen Mengen ohne Zusatzstoffe gewonnen, wobei die Gesundheit der Bienen und der Umwelt ber\u00fccksichtigt wird. Das Ergebnis: ein reines, gesundes und lebendiges Produkt.<\/p>\n<\/div><\/div>\n\n<\/div><\/div>\n\n\n<p><\/p>\n<\/div><\/div>\n\n\n<style>.kadence-column1001_56738c-17 > .kt-inside-inner-col,.kadence-column1001_56738c-17 > .kt-inside-inner-col:before{border-top-left-radius:0px;border-top-right-radius:0px;border-bottom-right-radius:0px;border-bottom-left-radius:0px;}.kadence-column1001_56738c-17 > .kt-inside-inner-col{column-gap:var(--global-kb-gap-sm, 1rem);}.kadence-column1001_56738c-17 > .kt-inside-inner-col{flex-direction:column;}.kadence-column1001_56738c-17 > .kt-inside-inner-col > .aligncenter{width:100%;}.kadence-column1001_56738c-17 > .kt-inside-inner-col:before{opacity:0.3;}.kadence-column1001_56738c-17{position:relative;}@media all and (max-width: 1024px){.kadence-column1001_56738c-17 > .kt-inside-inner-col{flex-direction:column;justify-content:center;}}@media all and (max-width: 767px){.kadence-column1001_56738c-17 > .kt-inside-inner-col{flex-direction:column;justify-content:center;}}<\/style>\n<div class=\"wp-block-kadence-column kadence-column1001_56738c-17 inner-column-2\"><div class=\"kt-inside-inner-col\"><style>.kb-row-layout-id1001_0b602b-74 > .kt-row-column-wrap{align-content:start;}:where(.kb-row-layout-id1001_0b602b-74 > .kt-row-column-wrap) > .wp-block-kadence-column{justify-content:start;}.kb-row-layout-id1001_0b602b-74 > .kt-row-column-wrap{column-gap:var(--global-kb-gap-sm, 1rem);row-gap:var(--global-kb-gap-md, 2rem);padding-top:var(--global-kb-spacing-sm, 1.5rem);grid-template-columns:minmax(0, 1fr);}.kb-row-layout-id1001_0b602b-74 > .kt-row-layout-overlay{opacity:0.30;}@media all and (max-width: 1024px){.kb-row-layout-id1001_0b602b-74 > .kt-row-column-wrap{grid-template-columns:minmax(0, 1fr);}}@media all and (max-width: 767px){.kb-row-layout-id1001_0b602b-74 > .kt-row-column-wrap{padding-top:0px;padding-right:0px;padding-bottom:0px;padding-left:0px;grid-template-columns:minmax(0, 1fr);}}<\/style><div class=\"kb-row-layout-wrap kb-row-layout-id1001_0b602b-74 alignnone wp-block-kadence-rowlayout\"><div class=\"kt-row-column-wrap kt-has-2-columns kt-row-layout-row kt-tab-layout-inherit kt-mobile-layout-row kt-row-valign-top\">\n<style>.kadence-column1001_539172-80 > .kt-inside-inner-col,.kadence-column1001_539172-80 > .kt-inside-inner-col:before{border-top-left-radius:0px;border-top-right-radius:0px;border-bottom-right-radius:0px;border-bottom-left-radius:0px;}.kadence-column1001_539172-80 > .kt-inside-inner-col{column-gap:var(--global-kb-gap-sm, 1rem);}.kadence-column1001_539172-80 > .kt-inside-inner-col{flex-direction:column;}.kadence-column1001_539172-80 > .kt-inside-inner-col > .aligncenter{width:100%;}.kadence-column1001_539172-80 > .kt-inside-inner-col:before{opacity:0.3;}.kadence-column1001_539172-80{position:relative;}@media all and (max-width: 1024px){.kadence-column1001_539172-80 > .kt-inside-inner-col{flex-direction:column;justify-content:center;}}@media all and (max-width: 767px){.kadence-column1001_539172-80 > .kt-inside-inner-col{flex-direction:column;justify-content:center;}.kadence-column1001_539172-80, .kt-inside-inner-col > .kadence-column1001_539172-80:not(.specificity){margin-right:0px;margin-left:0px;}}<\/style>\n<div class=\"wp-block-kadence-column kadence-column1001_539172-80 inner-column-2\"><div class=\"kt-inside-inner-col\"><\/div><\/div>\n\n\n<style>.kadence-column1001_148fce-90 > .kt-inside-inner-col,.kadence-column1001_148fce-90 > .kt-inside-inner-col:before{border-top-left-radius:0px;border-top-right-radius:0px;border-bottom-right-radius:0px;border-bottom-left-radius:0px;}.kadence-column1001_148fce-90 > .kt-inside-inner-col{column-gap:var(--global-kb-gap-sm, 1rem);}.kadence-column1001_148fce-90 > .kt-inside-inner-col{flex-direction:column;}.kadence-column1001_148fce-90 > .kt-inside-inner-col > .aligncenter{width:100%;}.kadence-column1001_148fce-90 > .kt-inside-inner-col:before{opacity:0.3;}.kadence-column1001_148fce-90{position:relative;}@media all and (max-width: 1024px){.kadence-column1001_148fce-90 > .kt-inside-inner-col{flex-direction:column;justify-content:center;}}@media all and (max-width: 767px){.kadence-column1001_148fce-90 > .kt-inside-inner-col{flex-direction:column;justify-content:center;}}<\/style>\n<div class=\"wp-block-kadence-column kadence-column1001_148fce-90\"><div class=\"kt-inside-inner-col\">\n<figure class=\"wp-block-image size-large\"><img loading=\"lazy\" decoding=\"async\" width=\"1024\" height=\"940\" src=\"https:\/\/www.meliponarios-loriga.com\/wp-content\/uploads\/2025\/07\/Miel_02-1024x940.jpg\" alt=\"\" class=\"wp-image-951\" srcset=\"https:\/\/www.meliponarios-loriga.com\/wp-content\/uploads\/2025\/07\/Miel_02-1024x940.jpg 1024w, https:\/\/www.meliponarios-loriga.com\/wp-content\/uploads\/2025\/07\/Miel_02-300x275.jpg 300w, https:\/\/www.meliponarios-loriga.com\/wp-content\/uploads\/2025\/07\/Miel_02-768x705.jpg 768w, https:\/\/www.meliponarios-loriga.com\/wp-content\/uploads\/2025\/07\/Miel_02-1536x1410.jpg 1536w, https:\/\/www.meliponarios-loriga.com\/wp-content\/uploads\/2025\/07\/Miel_02.jpg 2048w\" sizes=\"auto, (max-width: 1024px) 100vw, 1024px\" \/><\/figure>\n\n\n\n<figure class=\"wp-block-image size-large\"><img loading=\"lazy\" decoding=\"async\" width=\"1024\" height=\"771\" src=\"https:\/\/www.meliponarios-loriga.com\/wp-content\/uploads\/2025\/07\/Miel_03-1024x771.jpg\" alt=\"\" class=\"wp-image-959\" srcset=\"https:\/\/www.meliponarios-loriga.com\/wp-content\/uploads\/2025\/07\/Miel_03-1024x771.jpg 1024w, https:\/\/www.meliponarios-loriga.com\/wp-content\/uploads\/2025\/07\/Miel_03-300x226.jpg 300w, https:\/\/www.meliponarios-loriga.com\/wp-content\/uploads\/2025\/07\/Miel_03-768x578.jpg 768w, https:\/\/www.meliponarios-loriga.com\/wp-content\/uploads\/2025\/07\/Miel_03-1536x1157.jpg 1536w, https:\/\/www.meliponarios-loriga.com\/wp-content\/uploads\/2025\/07\/Miel_03.jpg 2048w\" sizes=\"auto, (max-width: 1024px) 100vw, 1024px\" \/><\/figure>\n<\/div><\/div>\n\n<\/div><\/div><\/div><\/div>\n\n<\/div><\/div>\n\n\n<p><\/p>\n","protected":false},"excerpt":{"rendered":"<p>Der Honig Der Honig der Melipona beecheii ist einzigartig. Seine Konsistenz ist fl\u00fcssiger als die von herk\u00f6mmlichem Honig und sein Geschmack verbindet S\u00fc\u00dfe mit einer sehr angenehmen sauren Note. Dank seiner nat\u00fcrlichen Zusammensetzung wird dieser Honig traditionell zur Behandlung von Entz\u00fcndungen, Infektionen und Verdauungsproblemen sowie zur St\u00e4rkung des Immunsystems verwendet.Der Honig ist reich an Antioxidantien&#8230;<\/p>\n","protected":false},"author":1,"featured_media":684,"parent":0,"menu_order":0,"comment_status":"closed","ping_status":"closed","template":"","meta":{"_kadence_starter_templates_imported_post":true,"_kad_post_transparent":"","_kad_post_title":"hide","_kad_post_layout":"fullwidth","_kad_post_sidebar_id":"","_kad_post_content_style":"unboxed","_kad_post_vertical_padding":"hide","_kad_post_feature":"hide","_kad_post_feature_position":"","_kad_post_header":false,"_kad_post_footer":false,"_kad_post_classname":"","footnotes":""},"class_list":["post-1001","page","type-page","status-publish","has-post-thumbnail","hentry"],"_links":{"self":[{"href":"https:\/\/www.meliponarios-loriga.com\/index.php\/wp-json\/wp\/v2\/pages\/1001","targetHints":{"allow":["GET"]}}],"collection":[{"href":"https:\/\/www.meliponarios-loriga.com\/index.php\/wp-json\/wp\/v2\/pages"}],"about":[{"href":"https:\/\/www.meliponarios-loriga.com\/index.php\/wp-json\/wp\/v2\/types\/page"}],"author":[{"embeddable":true,"href":"https:\/\/www.meliponarios-loriga.com\/index.php\/wp-json\/wp\/v2\/users\/1"}],"replies":[{"embeddable":true,"href":"https:\/\/www.meliponarios-loriga.com\/index.php\/wp-json\/wp\/v2\/comments?post=1001"}],"version-history":[{"count":4,"href":"https:\/\/www.meliponarios-loriga.com\/index.php\/wp-json\/wp\/v2\/pages\/1001\/revisions"}],"predecessor-version":[{"id":1132,"href":"https:\/\/www.meliponarios-loriga.com\/index.php\/wp-json\/wp\/v2\/pages\/1001\/revisions\/1132"}],"wp:featuredmedia":[{"embeddable":true,"href":"https:\/\/www.meliponarios-loriga.com\/index.php\/wp-json\/wp\/v2\/media\/684"}],"wp:attachment":[{"href":"https:\/\/www.meliponarios-loriga.com\/index.php\/wp-json\/wp\/v2\/media?parent=1001"}],"curies":[{"name":"wp","href":"https:\/\/api.w.org\/{rel}","templated":true}]}}