{"id":1005,"date":"2025-08-17T16:37:49","date_gmt":"2025-08-17T15:37:49","guid":{"rendered":"https:\/\/www.meliponarios-loriga.com\/?page_id=1005"},"modified":"2025-11-26T14:08:08","modified_gmt":"2025-11-26T13:08:08","slug":"las-abejas_de","status":"publish","type":"page","link":"https:\/\/www.meliponarios-loriga.com\/index.php\/de\/las-abejas_de\/","title":{"rendered":"LAS ABEJAS_de"},"content":{"rendered":"<style>.kb-row-layout-id1005_b0f202-96 > .kt-row-column-wrap{align-content:center;}:where(.kb-row-layout-id1005_b0f202-96 > .kt-row-column-wrap) > .wp-block-kadence-column{justify-content:center;}.kb-row-layout-id1005_b0f202-96 > .kt-row-column-wrap{column-gap:20px;row-gap:var(--global-kb-gap-md, 2rem);max-width:var( --global-content-width, 1290px );padding-left:var(--global-content-edge-padding);padding-right:var(--global-content-edge-padding);padding-top:0px;padding-right:0px;padding-bottom:120px;padding-left:0px;grid-template-columns:minmax(0, calc(60% - ((20px * 1 )\/2)))minmax(0, calc(40% - ((20px * 1 )\/2)));}.kb-row-layout-id1005_b0f202-96 > .kt-row-layout-overlay{opacity:1;background:linear-gradient(270deg, var(--global-palette8) 35%, var(--global-palette9) 0%);}@media all and (max-width: 1024px){.kb-row-layout-id1005_b0f202-96 > .kt-row-column-wrap{padding-top:60px;padding-right:40px;padding-bottom:60px;padding-left:40px;grid-template-columns:minmax(0, 1fr);}}@media all and (max-width: 767px){.kb-row-layout-id1005_b0f202-96 > .kt-row-column-wrap{padding-top:60px;padding-right:30px;padding-bottom:60px;padding-left:30px;grid-template-columns:minmax(0, 1fr);}}<\/style><div class=\"kb-row-layout-wrap kb-row-layout-id1005_b0f202-96 alignnone kt-row-has-bg wp-block-kadence-rowlayout\"><div class=\"kt-row-layout-overlay kt-row-overlay-gradient\"><\/div><div class=\"kt-row-column-wrap kt-has-2-columns kt-row-layout-equal kt-tab-layout-row kt-mobile-layout-row kt-row-valign-middle kb-theme-content-width\">\n<style>.kadence-column1005_adfba8-17 > .kt-inside-inner-col{display:flex;}.kadence-column1005_adfba8-17 > .kt-inside-inner-col,.kadence-column1005_adfba8-17 > .kt-inside-inner-col:before{border-top-left-radius:0px;border-top-right-radius:0px;border-bottom-right-radius:0px;border-bottom-left-radius:0px;}.kadence-column1005_adfba8-17 > .kt-inside-inner-col{column-gap:var(--global-kb-gap-sm, 1rem);}.kadence-column1005_adfba8-17 > .kt-inside-inner-col{flex-direction:column;justify-content:flex-start;}.kadence-column1005_adfba8-17 > .kt-inside-inner-col > .aligncenter{width:100%;}.kt-row-column-wrap > .kadence-column1005_adfba8-17{align-self:flex-start;}.kt-inner-column-height-full:not(.kt-has-1-columns) > .wp-block-kadence-column.kadence-column1005_adfba8-17{align-self:auto;}.kt-inner-column-height-full:not(.kt-has-1-columns) > .wp-block-kadence-column.kadence-column1005_adfba8-17 > .kt-inside-inner-col{flex-direction:column;justify-content:flex-start;}.kadence-column1005_adfba8-17 > .kt-inside-inner-col:before{opacity:0.3;}.kadence-column1005_adfba8-17{position:relative;}.kadence-column1005_adfba8-17, .kt-inside-inner-col > .kadence-column1005_adfba8-17:not(.specificity){margin-right:50px;}@media all and (max-width: 1024px){.kadence-column1005_adfba8-17 > .kt-inside-inner-col{padding-right:0px;padding-left:0px;flex-direction:column;justify-content:flex-start;}}@media all and (max-width: 1024px){.kt-row-column-wrap > .kadence-column1005_adfba8-17{align-self:flex-start;}}@media all and (max-width: 1024px){.kt-inner-column-height-full:not(.kt-has-1-columns) > .wp-block-kadence-column.kadence-column1005_adfba8-17{align-self:auto;}}@media all and (max-width: 1024px){.kt-inner-column-height-full:not(.kt-has-1-columns) > .wp-block-kadence-column.kadence-column1005_adfba8-17 > .kt-inside-inner-col{flex-direction:column;justify-content:flex-start;}}@media all and (max-width: 1024px){.kadence-column1005_adfba8-17, .kt-inside-inner-col > .kadence-column1005_adfba8-17:not(.specificity){margin-right:0px;margin-left:0px;}}@media all and (max-width: 767px){.kt-row-column-wrap > .kadence-column1005_adfba8-17{align-self:flex-start;}.kt-inner-column-height-full:not(.kt-has-1-columns) > .wp-block-kadence-column.kadence-column1005_adfba8-17{align-self:auto;}.kt-inner-column-height-full:not(.kt-has-1-columns) > .wp-block-kadence-column.kadence-column1005_adfba8-17 > .kt-inside-inner-col{flex-direction:column;justify-content:flex-start;}.kadence-column1005_adfba8-17 > .kt-inside-inner-col{flex-direction:column;justify-content:flex-start;}.kadence-column1005_adfba8-17, .kt-inside-inner-col > .kadence-column1005_adfba8-17:not(.specificity){margin-right:0px;margin-left:0px;}}<\/style>\n<div class=\"wp-block-kadence-column kadence-column1005_adfba8-17 inner-column-1\"><div class=\"kt-inside-inner-col\"><style>.kb-row-layout-wrap.wp-block-kadence-rowlayout.kb-row-layout-id1005_5153d2-9e{margin-bottom:50px;}.kb-row-layout-id1005_5153d2-9e > .kt-row-column-wrap{align-content:start;}:where(.kb-row-layout-id1005_5153d2-9e > .kt-row-column-wrap) > .wp-block-kadence-column{justify-content:start;}.kb-row-layout-id1005_5153d2-9e > .kt-row-column-wrap{column-gap:var(--global-kb-gap-md, 2rem);row-gap:var(--global-kb-gap-md, 2rem);padding-top:0px;padding-right:40px;padding-bottom:0px;padding-left:0px;grid-template-columns:minmax(0, 1fr);}.kb-row-layout-id1005_5153d2-9e > .kt-row-layout-overlay{opacity:0.30;}@media all and (max-width: 1024px){.kb-row-layout-id1005_5153d2-9e > .kt-row-column-wrap{padding-right:0px;padding-left:0px;grid-template-columns:minmax(0, 1fr);}}@media all and (max-width: 767px){.kb-row-layout-id1005_5153d2-9e > .kt-row-column-wrap{padding-right:0px;padding-left:0px;grid-template-columns:minmax(0, 1fr);}}<\/style><div class=\"kb-row-layout-wrap kb-row-layout-id1005_5153d2-9e alignnone wp-block-kadence-rowlayout\"><div class=\"kt-row-column-wrap kt-has-1-columns kt-row-layout-equal kt-tab-layout-inherit kt-mobile-layout-row kt-row-valign-top\">\n<style>.kadence-column1005_8422be-b3 > .kt-inside-inner-col,.kadence-column1005_8422be-b3 > .kt-inside-inner-col:before{border-top-left-radius:0px;border-top-right-radius:0px;border-bottom-right-radius:0px;border-bottom-left-radius:0px;}.kadence-column1005_8422be-b3 > .kt-inside-inner-col{column-gap:var(--global-kb-gap-sm, 1rem);}.kadence-column1005_8422be-b3 > .kt-inside-inner-col{flex-direction:column;}.kadence-column1005_8422be-b3 > .kt-inside-inner-col > .aligncenter{width:100%;}.kadence-column1005_8422be-b3 > .kt-inside-inner-col:before{opacity:0.3;}.kadence-column1005_8422be-b3{position:relative;}@media all and (max-width: 1024px){.kadence-column1005_8422be-b3 > .kt-inside-inner-col{flex-direction:column;justify-content:center;}}@media all and (max-width: 1024px){.kadence-column1005_8422be-b3, .kt-inside-inner-col > .kadence-column1005_8422be-b3:not(.specificity){margin-right:0px;margin-left:0px;}}@media all and (max-width: 767px){.kadence-column1005_8422be-b3 > .kt-inside-inner-col{flex-direction:column;justify-content:center;}}<\/style>\n<div class=\"wp-block-kadence-column kadence-column1005_8422be-b3 inner-column-1\"><div class=\"kt-inside-inner-col\"><style>.wp-block-kadence-advancedheading.kt-adv-heading1005_881d66-e4, .wp-block-kadence-advancedheading.kt-adv-heading1005_881d66-e4[data-kb-block=\"kb-adv-heading1005_881d66-e4\"]{max-width:1598px;padding-top:0px;margin-top:0px;text-align:left;font-style:normal;}.wp-block-kadence-advancedheading.kt-adv-heading1005_881d66-e4 mark.kt-highlight, .wp-block-kadence-advancedheading.kt-adv-heading1005_881d66-e4[data-kb-block=\"kb-adv-heading1005_881d66-e4\"] mark.kt-highlight{font-style:normal;color:#f76a0c;-webkit-box-decoration-break:clone;box-decoration-break:clone;padding-top:0px;padding-right:0px;padding-bottom:0px;padding-left:0px;}@media all and (max-width: 1024px){.wp-block-kadence-advancedheading.kt-adv-heading1005_881d66-e4, .wp-block-kadence-advancedheading.kt-adv-heading1005_881d66-e4[data-kb-block=\"kb-adv-heading1005_881d66-e4\"]{text-align:center!important;}}@media all and (max-width: 767px){.wp-block-kadence-advancedheading.kt-adv-heading1005_881d66-e4, .wp-block-kadence-advancedheading.kt-adv-heading1005_881d66-e4[data-kb-block=\"kb-adv-heading1005_881d66-e4\"]{font-size:var(--global-kb-font-size-xl, 3rem);text-align:center!important;}}<\/style>\n<h4 class=\"kt-adv-heading1005_881d66-e4 wp-block-kadence-advancedheading\" data-kb-block=\"kb-adv-heading1005_881d66-e4\"><br>Die Bienen &#8211; ohne Stachel, aber mit grosser Bedeutung<\/h4>\n\n\n\n<p>Die Biene <em>Melipona beecheii<\/em> ist eine stachellose Biene, die urspr\u00fcnglich aus Mittelamerika stammt und auch in Kuba vorkommt. Da sie sich nicht mit einem Stich verteidigen kann, sch\u00fctzt sie ihr Nest mit einem kleinen, engen Eingang, der stets von einer W\u00e4chterbiene bewacht wird.<\/p>\n\n\n\n<p>Aufgrund der Flie\u00dff\u00e4higkeit ihres Honigs bauen diese Bienen keine herk\u00f6mmlichen Waben, sondern horizontale Strukturen mit kleinen Beh\u00e4ltern aus &#8222;Cerumen&#8220;\u2013 einer Mischung aus Wachs und Propolis \u2013 in denen sie Honig und Pollen lagern.<\/p>\n\n\n\n<p>Es sind ruhige, effiziente Bienen, die f\u00fcr die Best\u00e4ubung vieler Wild- und Kulturpflanzen von grundlegender Bedeutung sind. Ihr Schutz und ihre verantwortungsvolle Zucht sind entscheidend f\u00fcr den Erhalt der Artenvielfalt und eine nachhaltige Gewinnung von Honig..<\/p>\n\n\n<style>.wp-block-kadence-advancedheading.kt-adv-heading1005_54ab38-ed, .wp-block-kadence-advancedheading.kt-adv-heading1005_54ab38-ed[data-kb-block=\"kb-adv-heading1005_54ab38-ed\"]{font-style:normal;}.wp-block-kadence-advancedheading.kt-adv-heading1005_54ab38-ed mark.kt-highlight, .wp-block-kadence-advancedheading.kt-adv-heading1005_54ab38-ed[data-kb-block=\"kb-adv-heading1005_54ab38-ed\"] mark.kt-highlight{font-style:normal;color:#f76a0c;-webkit-box-decoration-break:clone;box-decoration-break:clone;padding-top:0px;padding-right:0px;padding-bottom:0px;padding-left:0px;}@media all and (max-width: 1024px){.wp-block-kadence-advancedheading.kt-adv-heading1005_54ab38-ed, .wp-block-kadence-advancedheading.kt-adv-heading1005_54ab38-ed[data-kb-block=\"kb-adv-heading1005_54ab38-ed\"]{text-align:center!important;}}@media all and (max-width: 767px){.wp-block-kadence-advancedheading.kt-adv-heading1005_54ab38-ed, .wp-block-kadence-advancedheading.kt-adv-heading1005_54ab38-ed[data-kb-block=\"kb-adv-heading1005_54ab38-ed\"]{text-align:center!important;}}<\/style>\n<p class=\"kt-adv-heading1005_54ab38-ed wp-block-kadence-advancedheading\" data-kb-block=\"kb-adv-heading1005_54ab38-ed\"><\/p>\n<\/div><\/div>\n\n<\/div><\/div><\/div><\/div>\n\n\n<style>.kadence-column1005_7bba9b-8c > .kt-inside-inner-col,.kadence-column1005_7bba9b-8c > .kt-inside-inner-col:before{border-top-left-radius:0px;border-top-right-radius:0px;border-bottom-right-radius:0px;border-bottom-left-radius:0px;}.kadence-column1005_7bba9b-8c > .kt-inside-inner-col{column-gap:var(--global-kb-gap-sm, 1rem);}.kadence-column1005_7bba9b-8c > .kt-inside-inner-col{flex-direction:column;}.kadence-column1005_7bba9b-8c > .kt-inside-inner-col > .aligncenter{width:100%;}.kadence-column1005_7bba9b-8c > .kt-inside-inner-col:before{opacity:0.3;}.kadence-column1005_7bba9b-8c{position:relative;}@media all and (max-width: 1024px){.kadence-column1005_7bba9b-8c > .kt-inside-inner-col{flex-direction:column;justify-content:center;}}@media all and (max-width: 767px){.kadence-column1005_7bba9b-8c > .kt-inside-inner-col{flex-direction:column;justify-content:center;}}<\/style>\n<div class=\"wp-block-kadence-column kadence-column1005_7bba9b-8c inner-column-2\"><div class=\"kt-inside-inner-col\"><style>.kb-row-layout-id1005_571b2b-7c > .kt-row-column-wrap{align-content:start;}:where(.kb-row-layout-id1005_571b2b-7c > .kt-row-column-wrap) > .wp-block-kadence-column{justify-content:start;}.kb-row-layout-id1005_571b2b-7c > .kt-row-column-wrap{column-gap:var(--global-kb-gap-sm, 1rem);row-gap:var(--global-kb-gap-md, 2rem);padding-top:var(--global-kb-spacing-sm, 1.5rem);grid-template-columns:minmax(0, 1fr);}.kb-row-layout-id1005_571b2b-7c > .kt-row-layout-overlay{opacity:0.30;}@media all and (max-width: 1024px){.kb-row-layout-id1005_571b2b-7c > .kt-row-column-wrap{grid-template-columns:minmax(0, 1fr);}}@media all and (max-width: 767px){.kb-row-layout-id1005_571b2b-7c > .kt-row-column-wrap{padding-top:0px;padding-right:0px;padding-bottom:0px;padding-left:0px;grid-template-columns:minmax(0, 1fr);}}<\/style><div class=\"kb-row-layout-wrap kb-row-layout-id1005_571b2b-7c alignnone wp-block-kadence-rowlayout\"><div class=\"kt-row-column-wrap kt-has-2-columns kt-row-layout-row kt-tab-layout-inherit kt-mobile-layout-row kt-row-valign-top\">\n<style>.kadence-column1005_b067fe-95 > .kt-inside-inner-col,.kadence-column1005_b067fe-95 > .kt-inside-inner-col:before{border-top-left-radius:0px;border-top-right-radius:0px;border-bottom-right-radius:0px;border-bottom-left-radius:0px;}.kadence-column1005_b067fe-95 > .kt-inside-inner-col{column-gap:var(--global-kb-gap-sm, 1rem);}.kadence-column1005_b067fe-95 > .kt-inside-inner-col{flex-direction:column;}.kadence-column1005_b067fe-95 > .kt-inside-inner-col > .aligncenter{width:100%;}.kadence-column1005_b067fe-95 > .kt-inside-inner-col:before{opacity:0.3;}.kadence-column1005_b067fe-95{position:relative;}@media all and (max-width: 1024px){.kadence-column1005_b067fe-95 > .kt-inside-inner-col{flex-direction:column;justify-content:center;}}@media all and (max-width: 767px){.kadence-column1005_b067fe-95 > .kt-inside-inner-col{flex-direction:column;justify-content:center;}.kadence-column1005_b067fe-95, .kt-inside-inner-col > .kadence-column1005_b067fe-95:not(.specificity){margin-right:0px;margin-left:0px;}}<\/style>\n<div class=\"wp-block-kadence-column kadence-column1005_b067fe-95 inner-column-2\"><div class=\"kt-inside-inner-col\">\n<figure class=\"wp-block-image size-full is-resized\"><img loading=\"lazy\" decoding=\"async\" width=\"2045\" height=\"2048\" src=\"https:\/\/www.meliponarios-loriga.com\/wp-content\/uploads\/2025\/07\/Blumen_Blueten_Zarza_Pisonia-aculeata_03.jpg\" alt=\"\" class=\"wp-image-955\" style=\"width:669px;height:auto\" srcset=\"https:\/\/www.meliponarios-loriga.com\/wp-content\/uploads\/2025\/07\/Blumen_Blueten_Zarza_Pisonia-aculeata_03.jpg 2045w, https:\/\/www.meliponarios-loriga.com\/wp-content\/uploads\/2025\/07\/Blumen_Blueten_Zarza_Pisonia-aculeata_03-300x300.jpg 300w, https:\/\/www.meliponarios-loriga.com\/wp-content\/uploads\/2025\/07\/Blumen_Blueten_Zarza_Pisonia-aculeata_03-150x150.jpg 150w, https:\/\/www.meliponarios-loriga.com\/wp-content\/uploads\/2025\/07\/Blumen_Blueten_Zarza_Pisonia-aculeata_03-768x769.jpg 768w, https:\/\/www.meliponarios-loriga.com\/wp-content\/uploads\/2025\/07\/Blumen_Blueten_Zarza_Pisonia-aculeata_03-1534x1536.jpg 1534w\" sizes=\"auto, (max-width: 2045px) 100vw, 2045px\" \/><\/figure>\n<\/div><\/div>\n\n\n<style>.kadence-column1005_d941a1-97 > .kt-inside-inner-col,.kadence-column1005_d941a1-97 > .kt-inside-inner-col:before{border-top-left-radius:0px;border-top-right-radius:0px;border-bottom-right-radius:0px;border-bottom-left-radius:0px;}.kadence-column1005_d941a1-97 > .kt-inside-inner-col{column-gap:var(--global-kb-gap-sm, 1rem);}.kadence-column1005_d941a1-97 > .kt-inside-inner-col{flex-direction:column;}.kadence-column1005_d941a1-97 > .kt-inside-inner-col > .aligncenter{width:100%;}.kadence-column1005_d941a1-97 > .kt-inside-inner-col:before{opacity:0.3;}.kadence-column1005_d941a1-97{position:relative;}@media all and (max-width: 1024px){.kadence-column1005_d941a1-97 > .kt-inside-inner-col{flex-direction:column;justify-content:center;}}@media all and (max-width: 767px){.kadence-column1005_d941a1-97 > .kt-inside-inner-col{flex-direction:column;justify-content:center;}}<\/style>\n<div class=\"wp-block-kadence-column kadence-column1005_d941a1-97\"><div class=\"kt-inside-inner-col\">\n<figure class=\"wp-block-image size-full\"><img loading=\"lazy\" decoding=\"async\" width=\"1020\" height=\"768\" src=\"https:\/\/www.meliponarios-loriga.com\/wp-content\/uploads\/2025\/07\/Abejas_03.jpg\" alt=\"\" class=\"wp-image-946\" srcset=\"https:\/\/www.meliponarios-loriga.com\/wp-content\/uploads\/2025\/07\/Abejas_03.jpg 1020w, https:\/\/www.meliponarios-loriga.com\/wp-content\/uploads\/2025\/07\/Abejas_03-300x226.jpg 300w, https:\/\/www.meliponarios-loriga.com\/wp-content\/uploads\/2025\/07\/Abejas_03-768x578.jpg 768w\" sizes=\"auto, (max-width: 1020px) 100vw, 1020px\" \/><\/figure>\n<\/div><\/div>\n\n<\/div><\/div><\/div><\/div>\n\n<\/div><\/div>\n\n\n<p><\/p>\n","protected":false},"excerpt":{"rendered":"<p>Die Bienen &#8211; ohne Stachel, aber mit grosser Bedeutung Die Biene Melipona beecheii ist eine stachellose Biene, die urspr\u00fcnglich aus Mittelamerika stammt und auch in Kuba vorkommt. Da sie sich nicht mit einem Stich verteidigen kann, sch\u00fctzt sie ihr Nest mit einem kleinen, engen Eingang, der stets von einer W\u00e4chterbiene bewacht wird. Aufgrund der Flie\u00dff\u00e4higkeit&#8230;<\/p>\n","protected":false},"author":1,"featured_media":684,"parent":0,"menu_order":0,"comment_status":"closed","ping_status":"closed","template":"","meta":{"_kadence_starter_templates_imported_post":true,"_kad_post_transparent":"","_kad_post_title":"hide","_kad_post_layout":"fullwidth","_kad_post_sidebar_id":"","_kad_post_content_style":"unboxed","_kad_post_vertical_padding":"hide","_kad_post_feature":"hide","_kad_post_feature_position":"","_kad_post_header":false,"_kad_post_footer":false,"_kad_post_classname":"","footnotes":""},"class_list":["post-1005","page","type-page","status-publish","has-post-thumbnail","hentry"],"_links":{"self":[{"href":"https:\/\/www.meliponarios-loriga.com\/index.php\/wp-json\/wp\/v2\/pages\/1005","targetHints":{"allow":["GET"]}}],"collection":[{"href":"https:\/\/www.meliponarios-loriga.com\/index.php\/wp-json\/wp\/v2\/pages"}],"about":[{"href":"https:\/\/www.meliponarios-loriga.com\/index.php\/wp-json\/wp\/v2\/types\/page"}],"author":[{"embeddable":true,"href":"https:\/\/www.meliponarios-loriga.com\/index.php\/wp-json\/wp\/v2\/users\/1"}],"replies":[{"embeddable":true,"href":"https:\/\/www.meliponarios-loriga.com\/index.php\/wp-json\/wp\/v2\/comments?post=1005"}],"version-history":[{"count":3,"href":"https:\/\/www.meliponarios-loriga.com\/index.php\/wp-json\/wp\/v2\/pages\/1005\/revisions"}],"predecessor-version":[{"id":1063,"href":"https:\/\/www.meliponarios-loriga.com\/index.php\/wp-json\/wp\/v2\/pages\/1005\/revisions\/1063"}],"wp:featuredmedia":[{"embeddable":true,"href":"https:\/\/www.meliponarios-loriga.com\/index.php\/wp-json\/wp\/v2\/media\/684"}],"wp:attachment":[{"href":"https:\/\/www.meliponarios-loriga.com\/index.php\/wp-json\/wp\/v2\/media?parent=1005"}],"curies":[{"name":"wp","href":"https:\/\/api.w.org\/{rel}","templated":true}]}}