{"id":809,"date":"2025-01-08T17:11:39","date_gmt":"2025-01-08T16:11:39","guid":{"rendered":"https:\/\/rdeuber.ch\/meliponarios-loriga\/?page_id=809"},"modified":"2025-08-16T13:28:30","modified_gmt":"2025-08-16T12:28:30","slug":"la-miel","status":"publish","type":"page","link":"https:\/\/www.meliponarios-loriga.com\/index.php\/la-miel\/","title":{"rendered":"LA MIEL"},"content":{"rendered":"<style>.kb-row-layout-id809_b22e51-5f > .kt-row-column-wrap{align-content:center;}:where(.kb-row-layout-id809_b22e51-5f > .kt-row-column-wrap) > .wp-block-kadence-column{justify-content:center;}.kb-row-layout-id809_b22e51-5f > .kt-row-column-wrap{column-gap:20px;row-gap:var(--global-kb-gap-md, 2rem);max-width:var( --global-content-width, 1290px );padding-left:var(--global-content-edge-padding);padding-right:var(--global-content-edge-padding);padding-top:0px;padding-right:0px;padding-bottom:120px;padding-left:0px;grid-template-columns:minmax(0, calc(55% - ((20px * 1 )\/2)))minmax(0, calc(45% - ((20px * 1 )\/2)));}.kb-row-layout-id809_b22e51-5f > .kt-row-layout-overlay{opacity:1;background:linear-gradient(270deg, var(--global-palette8) 35%, var(--global-palette9) 0%);}@media all and (max-width: 1024px){.kb-row-layout-id809_b22e51-5f > .kt-row-column-wrap{padding-top:60px;padding-right:40px;padding-bottom:60px;padding-left:40px;grid-template-columns:minmax(0, 1fr);}}@media all and (max-width: 767px){.kb-row-layout-id809_b22e51-5f > .kt-row-column-wrap{padding-top:60px;padding-right:30px;padding-bottom:60px;padding-left:30px;grid-template-columns:minmax(0, 1fr);}}<\/style><div class=\"kb-row-layout-wrap kb-row-layout-id809_b22e51-5f alignnone kt-row-has-bg wp-block-kadence-rowlayout\"><div class=\"kt-row-layout-overlay kt-row-overlay-gradient\"><\/div><div class=\"kt-row-column-wrap kt-has-2-columns kt-row-layout-equal kt-tab-layout-row kt-mobile-layout-row kt-row-valign-middle kb-theme-content-width\">\n<style>.kadence-column809_176a69-9e > .kt-inside-inner-col{display:flex;}.kadence-column809_176a69-9e > .kt-inside-inner-col,.kadence-column809_176a69-9e > .kt-inside-inner-col:before{border-top-left-radius:0px;border-top-right-radius:0px;border-bottom-right-radius:0px;border-bottom-left-radius:0px;}.kadence-column809_176a69-9e > .kt-inside-inner-col{column-gap:var(--global-kb-gap-sm, 1rem);}.kadence-column809_176a69-9e > .kt-inside-inner-col{flex-direction:column;justify-content:flex-start;}.kadence-column809_176a69-9e > .kt-inside-inner-col > .aligncenter{width:100%;}.kt-row-column-wrap > .kadence-column809_176a69-9e{align-self:flex-start;}.kt-inner-column-height-full:not(.kt-has-1-columns) > .wp-block-kadence-column.kadence-column809_176a69-9e{align-self:auto;}.kt-inner-column-height-full:not(.kt-has-1-columns) > .wp-block-kadence-column.kadence-column809_176a69-9e > .kt-inside-inner-col{flex-direction:column;justify-content:flex-start;}.kadence-column809_176a69-9e > .kt-inside-inner-col:before{opacity:0.3;}.kadence-column809_176a69-9e{position:relative;}.kadence-column809_176a69-9e, .kt-inside-inner-col > .kadence-column809_176a69-9e:not(.specificity){margin-right:50px;}@media all and (max-width: 1024px){.kadence-column809_176a69-9e > .kt-inside-inner-col{padding-right:0px;padding-left:0px;flex-direction:column;justify-content:flex-start;}}@media all and (max-width: 1024px){.kt-row-column-wrap > .kadence-column809_176a69-9e{align-self:flex-start;}}@media all and (max-width: 1024px){.kt-inner-column-height-full:not(.kt-has-1-columns) > .wp-block-kadence-column.kadence-column809_176a69-9e{align-self:auto;}}@media all and (max-width: 1024px){.kt-inner-column-height-full:not(.kt-has-1-columns) > .wp-block-kadence-column.kadence-column809_176a69-9e > .kt-inside-inner-col{flex-direction:column;justify-content:flex-start;}}@media all and (max-width: 1024px){.kadence-column809_176a69-9e, .kt-inside-inner-col > .kadence-column809_176a69-9e:not(.specificity){margin-right:0px;margin-left:0px;}}@media all and (max-width: 767px){.kt-row-column-wrap > .kadence-column809_176a69-9e{align-self:flex-start;}.kt-inner-column-height-full:not(.kt-has-1-columns) > .wp-block-kadence-column.kadence-column809_176a69-9e{align-self:auto;}.kt-inner-column-height-full:not(.kt-has-1-columns) > .wp-block-kadence-column.kadence-column809_176a69-9e > .kt-inside-inner-col{flex-direction:column;justify-content:flex-start;}.kadence-column809_176a69-9e > .kt-inside-inner-col{flex-direction:column;justify-content:flex-start;}.kadence-column809_176a69-9e, .kt-inside-inner-col > .kadence-column809_176a69-9e:not(.specificity){margin-right:0px;margin-left:0px;}}<\/style>\n<div class=\"wp-block-kadence-column kadence-column809_176a69-9e inner-column-1\"><div class=\"kt-inside-inner-col\"><style>.kb-row-layout-wrap.wp-block-kadence-rowlayout.kb-row-layout-id809_b29b5d-3b{margin-bottom:50px;}.kb-row-layout-id809_b29b5d-3b > .kt-row-column-wrap{align-content:start;}:where(.kb-row-layout-id809_b29b5d-3b > .kt-row-column-wrap) > .wp-block-kadence-column{justify-content:start;}.kb-row-layout-id809_b29b5d-3b > .kt-row-column-wrap{column-gap:var(--global-kb-gap-md, 2rem);row-gap:var(--global-kb-gap-md, 2rem);padding-top:0px;padding-right:40px;padding-bottom:0px;padding-left:0px;grid-template-columns:minmax(0, 1fr);}.kb-row-layout-id809_b29b5d-3b > .kt-row-layout-overlay{opacity:0.30;}@media all and (max-width: 1024px){.kb-row-layout-id809_b29b5d-3b > .kt-row-column-wrap{padding-right:0px;padding-left:0px;grid-template-columns:minmax(0, 1fr);}}@media all and (max-width: 767px){.kb-row-layout-id809_b29b5d-3b > .kt-row-column-wrap{padding-right:0px;padding-left:0px;grid-template-columns:minmax(0, 1fr);}}<\/style><div class=\"kb-row-layout-wrap kb-row-layout-id809_b29b5d-3b alignnone wp-block-kadence-rowlayout\"><div class=\"kt-row-column-wrap kt-has-1-columns kt-row-layout-equal kt-tab-layout-inherit kt-mobile-layout-row kt-row-valign-top\">\n<style>.kadence-column809_993124-56 > .kt-inside-inner-col,.kadence-column809_993124-56 > .kt-inside-inner-col:before{border-top-left-radius:0px;border-top-right-radius:0px;border-bottom-right-radius:0px;border-bottom-left-radius:0px;}.kadence-column809_993124-56 > .kt-inside-inner-col{column-gap:var(--global-kb-gap-sm, 1rem);}.kadence-column809_993124-56 > .kt-inside-inner-col{flex-direction:column;}.kadence-column809_993124-56 > .kt-inside-inner-col > .aligncenter{width:100%;}.kadence-column809_993124-56 > .kt-inside-inner-col:before{opacity:0.3;}.kadence-column809_993124-56{position:relative;}@media all and (max-width: 1024px){.kadence-column809_993124-56 > .kt-inside-inner-col{flex-direction:column;justify-content:center;}}@media all and (max-width: 1024px){.kadence-column809_993124-56, .kt-inside-inner-col > .kadence-column809_993124-56:not(.specificity){margin-right:0px;margin-left:0px;}}@media all and (max-width: 767px){.kadence-column809_993124-56 > .kt-inside-inner-col{flex-direction:column;justify-content:center;}}<\/style>\n<div class=\"wp-block-kadence-column kadence-column809_993124-56 inner-column-1\"><div class=\"kt-inside-inner-col\"><style>.wp-block-kadence-advancedheading.kt-adv-heading809_47feea-c3, .wp-block-kadence-advancedheading.kt-adv-heading809_47feea-c3[data-kb-block=\"kb-adv-heading809_47feea-c3\"]{max-width:1598px;padding-top:0px;margin-top:0px;text-align:left;font-style:normal;}.wp-block-kadence-advancedheading.kt-adv-heading809_47feea-c3 mark.kt-highlight, .wp-block-kadence-advancedheading.kt-adv-heading809_47feea-c3[data-kb-block=\"kb-adv-heading809_47feea-c3\"] mark.kt-highlight{font-style:normal;color:#f76a0c;-webkit-box-decoration-break:clone;box-decoration-break:clone;padding-top:0px;padding-right:0px;padding-bottom:0px;padding-left:0px;}@media all and (max-width: 1024px){.wp-block-kadence-advancedheading.kt-adv-heading809_47feea-c3, .wp-block-kadence-advancedheading.kt-adv-heading809_47feea-c3[data-kb-block=\"kb-adv-heading809_47feea-c3\"]{text-align:center!important;}}@media all and (max-width: 767px){.wp-block-kadence-advancedheading.kt-adv-heading809_47feea-c3, .wp-block-kadence-advancedheading.kt-adv-heading809_47feea-c3[data-kb-block=\"kb-adv-heading809_47feea-c3\"]{font-size:var(--global-kb-font-size-xl, 3rem);text-align:center!important;}}<\/style>\n<h4 class=\"kt-adv-heading809_47feea-c3 wp-block-kadence-advancedheading\" data-kb-block=\"kb-adv-heading809_47feea-c3\"><br>La Miel<\/h4>\n\n\n\n<p>La miel de <em>Melipona beecheii<\/em> es \u00fanica. Su textura es m\u00e1s l\u00edquida que la de la miel convencional y su sabor combina dulzura con un toque \u00e1cido muy agradable. Gracias a su composici\u00f3n natural, esta miel ha sido utilizada tradicionalmente para tratar inflamaciones, infecciones, problemas digestivos y para fortalecer el sistema inmunol\u00f3gico. <br>La miel es rica en antioxidantes y sustancias antiinflamatorias y puede compararse a la miel de manuka en cuanto a su efecto positivo en el cuerpo humano.<\/p>\n\n\n\n<p>Adem\u00e1s de la miel, estas abejas producen otros dos tesoros naturales:: El \u201cpan de abeja\u201d, polen fermentado, es un alimento rico en prote\u00ednas y probi\u00f3ticos, beneficioso para la salud intestinal y la vitalidad general.<br>El propolis, una mezcla de cera y resina, act\u00faa como desinfectante dentro del nido y es valorado por sus propiedades antibacterianas y antivirales.<\/p>\n\n\n\n<p>Todos los productos se recolectan artesanalmente y en peque\u00f1as cantidades, sin aditivos, respetando la salud de las abejas y del entorno. El resultado: un producto puro, saludable y lleno de vida.<\/p>\n<\/div><\/div>\n\n<\/div><\/div>\n\n\n<p><\/p>\n<\/div><\/div>\n\n\n<style>.kadence-column809_340dae-0c > .kt-inside-inner-col,.kadence-column809_340dae-0c > .kt-inside-inner-col:before{border-top-left-radius:0px;border-top-right-radius:0px;border-bottom-right-radius:0px;border-bottom-left-radius:0px;}.kadence-column809_340dae-0c > .kt-inside-inner-col{column-gap:var(--global-kb-gap-sm, 1rem);}.kadence-column809_340dae-0c > .kt-inside-inner-col{flex-direction:column;}.kadence-column809_340dae-0c > .kt-inside-inner-col > .aligncenter{width:100%;}.kadence-column809_340dae-0c > .kt-inside-inner-col:before{opacity:0.3;}.kadence-column809_340dae-0c{position:relative;}@media all and (max-width: 1024px){.kadence-column809_340dae-0c > .kt-inside-inner-col{flex-direction:column;justify-content:center;}}@media all and (max-width: 767px){.kadence-column809_340dae-0c > .kt-inside-inner-col{flex-direction:column;justify-content:center;}}<\/style>\n<div class=\"wp-block-kadence-column kadence-column809_340dae-0c inner-column-2\"><div class=\"kt-inside-inner-col\"><style>.kb-row-layout-id809_b1d781-ec > .kt-row-column-wrap{align-content:start;}:where(.kb-row-layout-id809_b1d781-ec > .kt-row-column-wrap) > .wp-block-kadence-column{justify-content:start;}.kb-row-layout-id809_b1d781-ec > .kt-row-column-wrap{column-gap:var(--global-kb-gap-sm, 1rem);row-gap:var(--global-kb-gap-md, 2rem);padding-top:var(--global-kb-spacing-sm, 1.5rem);grid-template-columns:minmax(0, 1fr);}.kb-row-layout-id809_b1d781-ec > .kt-row-layout-overlay{opacity:0.30;}@media all and (max-width: 1024px){.kb-row-layout-id809_b1d781-ec > .kt-row-column-wrap{grid-template-columns:minmax(0, 1fr);}}@media all and (max-width: 767px){.kb-row-layout-id809_b1d781-ec > .kt-row-column-wrap{padding-top:0px;padding-right:0px;padding-bottom:0px;padding-left:0px;grid-template-columns:minmax(0, 1fr);}}<\/style><div class=\"kb-row-layout-wrap kb-row-layout-id809_b1d781-ec alignnone wp-block-kadence-rowlayout\"><div class=\"kt-row-column-wrap kt-has-2-columns kt-row-layout-row kt-tab-layout-inherit kt-mobile-layout-row kt-row-valign-top\">\n<style>.kadence-column809_8da653-f9 > .kt-inside-inner-col,.kadence-column809_8da653-f9 > .kt-inside-inner-col:before{border-top-left-radius:0px;border-top-right-radius:0px;border-bottom-right-radius:0px;border-bottom-left-radius:0px;}.kadence-column809_8da653-f9 > .kt-inside-inner-col{column-gap:var(--global-kb-gap-sm, 1rem);}.kadence-column809_8da653-f9 > .kt-inside-inner-col{flex-direction:column;}.kadence-column809_8da653-f9 > .kt-inside-inner-col > .aligncenter{width:100%;}.kadence-column809_8da653-f9 > .kt-inside-inner-col:before{opacity:0.3;}.kadence-column809_8da653-f9{position:relative;}@media all and (max-width: 1024px){.kadence-column809_8da653-f9 > .kt-inside-inner-col{flex-direction:column;justify-content:center;}}@media all and (max-width: 767px){.kadence-column809_8da653-f9 > .kt-inside-inner-col{flex-direction:column;justify-content:center;}.kadence-column809_8da653-f9, .kt-inside-inner-col > .kadence-column809_8da653-f9:not(.specificity){margin-right:0px;margin-left:0px;}}<\/style>\n<div class=\"wp-block-kadence-column kadence-column809_8da653-f9 inner-column-2\"><div class=\"kt-inside-inner-col\"><\/div><\/div>\n\n\n<style>.kadence-column809_2d9dfb-5c > .kt-inside-inner-col,.kadence-column809_2d9dfb-5c > .kt-inside-inner-col:before{border-top-left-radius:0px;border-top-right-radius:0px;border-bottom-right-radius:0px;border-bottom-left-radius:0px;}.kadence-column809_2d9dfb-5c > .kt-inside-inner-col{column-gap:var(--global-kb-gap-sm, 1rem);}.kadence-column809_2d9dfb-5c > .kt-inside-inner-col{flex-direction:column;}.kadence-column809_2d9dfb-5c > .kt-inside-inner-col > .aligncenter{width:100%;}.kadence-column809_2d9dfb-5c > .kt-inside-inner-col:before{opacity:0.3;}.kadence-column809_2d9dfb-5c{position:relative;}@media all and (max-width: 1024px){.kadence-column809_2d9dfb-5c > .kt-inside-inner-col{flex-direction:column;justify-content:center;}}@media all and (max-width: 767px){.kadence-column809_2d9dfb-5c > .kt-inside-inner-col{flex-direction:column;justify-content:center;}}<\/style>\n<div class=\"wp-block-kadence-column kadence-column809_2d9dfb-5c\"><div class=\"kt-inside-inner-col\">\n<figure class=\"wp-block-image size-large\"><img loading=\"lazy\" decoding=\"async\" width=\"1024\" height=\"940\" src=\"https:\/\/www.meliponarios-loriga.com\/wp-content\/uploads\/2025\/07\/Miel_02-1024x940.jpg\" alt=\"\" class=\"wp-image-951\" srcset=\"https:\/\/www.meliponarios-loriga.com\/wp-content\/uploads\/2025\/07\/Miel_02-1024x940.jpg 1024w, https:\/\/www.meliponarios-loriga.com\/wp-content\/uploads\/2025\/07\/Miel_02-300x275.jpg 300w, https:\/\/www.meliponarios-loriga.com\/wp-content\/uploads\/2025\/07\/Miel_02-768x705.jpg 768w, https:\/\/www.meliponarios-loriga.com\/wp-content\/uploads\/2025\/07\/Miel_02-1536x1410.jpg 1536w, https:\/\/www.meliponarios-loriga.com\/wp-content\/uploads\/2025\/07\/Miel_02.jpg 2048w\" sizes=\"auto, (max-width: 1024px) 100vw, 1024px\" \/><\/figure>\n\n\n\n<figure class=\"wp-block-image size-large\"><img loading=\"lazy\" decoding=\"async\" width=\"1024\" height=\"771\" src=\"https:\/\/www.meliponarios-loriga.com\/wp-content\/uploads\/2025\/07\/Miel_03-1024x771.jpg\" alt=\"\" class=\"wp-image-959\" srcset=\"https:\/\/www.meliponarios-loriga.com\/wp-content\/uploads\/2025\/07\/Miel_03-1024x771.jpg 1024w, https:\/\/www.meliponarios-loriga.com\/wp-content\/uploads\/2025\/07\/Miel_03-300x226.jpg 300w, https:\/\/www.meliponarios-loriga.com\/wp-content\/uploads\/2025\/07\/Miel_03-768x578.jpg 768w, https:\/\/www.meliponarios-loriga.com\/wp-content\/uploads\/2025\/07\/Miel_03-1536x1157.jpg 1536w, https:\/\/www.meliponarios-loriga.com\/wp-content\/uploads\/2025\/07\/Miel_03.jpg 2048w\" sizes=\"auto, (max-width: 1024px) 100vw, 1024px\" \/><\/figure>\n<\/div><\/div>\n\n<\/div><\/div><\/div><\/div>\n\n<\/div><\/div>\n\n\n<p><\/p>\n","protected":false},"excerpt":{"rendered":"<p>La Miel La miel de Melipona beecheii es \u00fanica. Su textura es m\u00e1s l\u00edquida que la de la miel convencional y su sabor combina dulzura con un toque \u00e1cido muy agradable. Gracias a su composici\u00f3n natural, esta miel ha sido utilizada tradicionalmente para tratar inflamaciones, infecciones, problemas digestivos y para fortalecer el sistema inmunol\u00f3gico. La&#8230;<\/p>\n","protected":false},"author":1,"featured_media":684,"parent":0,"menu_order":0,"comment_status":"closed","ping_status":"closed","template":"","meta":{"_kadence_starter_templates_imported_post":true,"_kad_post_transparent":"","_kad_post_title":"hide","_kad_post_layout":"fullwidth","_kad_post_sidebar_id":"","_kad_post_content_style":"unboxed","_kad_post_vertical_padding":"hide","_kad_post_feature":"hide","_kad_post_feature_position":"","_kad_post_header":false,"_kad_post_footer":false,"_kad_post_classname":"","footnotes":""},"class_list":["post-809","page","type-page","status-publish","has-post-thumbnail","hentry"],"_links":{"self":[{"href":"https:\/\/www.meliponarios-loriga.com\/index.php\/wp-json\/wp\/v2\/pages\/809","targetHints":{"allow":["GET"]}}],"collection":[{"href":"https:\/\/www.meliponarios-loriga.com\/index.php\/wp-json\/wp\/v2\/pages"}],"about":[{"href":"https:\/\/www.meliponarios-loriga.com\/index.php\/wp-json\/wp\/v2\/types\/page"}],"author":[{"embeddable":true,"href":"https:\/\/www.meliponarios-loriga.com\/index.php\/wp-json\/wp\/v2\/users\/1"}],"replies":[{"embeddable":true,"href":"https:\/\/www.meliponarios-loriga.com\/index.php\/wp-json\/wp\/v2\/comments?post=809"}],"version-history":[{"count":16,"href":"https:\/\/www.meliponarios-loriga.com\/index.php\/wp-json\/wp\/v2\/pages\/809\/revisions"}],"predecessor-version":[{"id":960,"href":"https:\/\/www.meliponarios-loriga.com\/index.php\/wp-json\/wp\/v2\/pages\/809\/revisions\/960"}],"wp:featuredmedia":[{"embeddable":true,"href":"https:\/\/www.meliponarios-loriga.com\/index.php\/wp-json\/wp\/v2\/media\/684"}],"wp:attachment":[{"href":"https:\/\/www.meliponarios-loriga.com\/index.php\/wp-json\/wp\/v2\/media?parent=809"}],"curies":[{"name":"wp","href":"https:\/\/api.w.org\/{rel}","templated":true}]}}