{"id":812,"date":"2025-01-08T17:14:35","date_gmt":"2025-01-08T16:14:35","guid":{"rendered":"https:\/\/rdeuber.ch\/meliponarios-loriga\/?page_id=812"},"modified":"2025-11-26T14:08:18","modified_gmt":"2025-11-26T13:08:18","slug":"las-abejas","status":"publish","type":"page","link":"https:\/\/www.meliponarios-loriga.com\/index.php\/las-abejas\/","title":{"rendered":"LAS ABEJAS"},"content":{"rendered":"<style>.kb-row-layout-id812_34e79f-ac > .kt-row-column-wrap{align-content:center;}:where(.kb-row-layout-id812_34e79f-ac > .kt-row-column-wrap) > .wp-block-kadence-column{justify-content:center;}.kb-row-layout-id812_34e79f-ac > .kt-row-column-wrap{column-gap:20px;row-gap:var(--global-kb-gap-md, 2rem);max-width:var( --global-content-width, 1290px );padding-left:var(--global-content-edge-padding);padding-right:var(--global-content-edge-padding);padding-top:0px;padding-right:0px;padding-bottom:120px;padding-left:0px;grid-template-columns:minmax(0, calc(60% - ((20px * 1 )\/2)))minmax(0, calc(40% - ((20px * 1 )\/2)));}.kb-row-layout-id812_34e79f-ac > .kt-row-layout-overlay{opacity:1;background:linear-gradient(270deg, var(--global-palette8) 35%, var(--global-palette9) 0%);}@media all and (max-width: 1024px){.kb-row-layout-id812_34e79f-ac > .kt-row-column-wrap{padding-top:60px;padding-right:40px;padding-bottom:60px;padding-left:40px;grid-template-columns:minmax(0, 1fr);}}@media all and (max-width: 767px){.kb-row-layout-id812_34e79f-ac > .kt-row-column-wrap{padding-top:60px;padding-right:30px;padding-bottom:60px;padding-left:30px;grid-template-columns:minmax(0, 1fr);}}<\/style><div class=\"kb-row-layout-wrap kb-row-layout-id812_34e79f-ac alignnone kt-row-has-bg wp-block-kadence-rowlayout\"><div class=\"kt-row-layout-overlay kt-row-overlay-gradient\"><\/div><div class=\"kt-row-column-wrap kt-has-2-columns kt-row-layout-equal kt-tab-layout-row kt-mobile-layout-row kt-row-valign-middle kb-theme-content-width\">\n<style>.kadence-column812_4c2a59-1b > .kt-inside-inner-col{display:flex;}.kadence-column812_4c2a59-1b > .kt-inside-inner-col,.kadence-column812_4c2a59-1b > .kt-inside-inner-col:before{border-top-left-radius:0px;border-top-right-radius:0px;border-bottom-right-radius:0px;border-bottom-left-radius:0px;}.kadence-column812_4c2a59-1b > .kt-inside-inner-col{column-gap:var(--global-kb-gap-sm, 1rem);}.kadence-column812_4c2a59-1b > .kt-inside-inner-col{flex-direction:column;justify-content:flex-start;}.kadence-column812_4c2a59-1b > .kt-inside-inner-col > .aligncenter{width:100%;}.kt-row-column-wrap > .kadence-column812_4c2a59-1b{align-self:flex-start;}.kt-inner-column-height-full:not(.kt-has-1-columns) > .wp-block-kadence-column.kadence-column812_4c2a59-1b{align-self:auto;}.kt-inner-column-height-full:not(.kt-has-1-columns) > .wp-block-kadence-column.kadence-column812_4c2a59-1b > .kt-inside-inner-col{flex-direction:column;justify-content:flex-start;}.kadence-column812_4c2a59-1b > .kt-inside-inner-col:before{opacity:0.3;}.kadence-column812_4c2a59-1b{position:relative;}.kadence-column812_4c2a59-1b, .kt-inside-inner-col > .kadence-column812_4c2a59-1b:not(.specificity){margin-right:50px;}@media all and (max-width: 1024px){.kadence-column812_4c2a59-1b > .kt-inside-inner-col{padding-right:0px;padding-left:0px;flex-direction:column;justify-content:flex-start;}}@media all and (max-width: 1024px){.kt-row-column-wrap > .kadence-column812_4c2a59-1b{align-self:flex-start;}}@media all and (max-width: 1024px){.kt-inner-column-height-full:not(.kt-has-1-columns) > .wp-block-kadence-column.kadence-column812_4c2a59-1b{align-self:auto;}}@media all and (max-width: 1024px){.kt-inner-column-height-full:not(.kt-has-1-columns) > .wp-block-kadence-column.kadence-column812_4c2a59-1b > .kt-inside-inner-col{flex-direction:column;justify-content:flex-start;}}@media all and (max-width: 1024px){.kadence-column812_4c2a59-1b, .kt-inside-inner-col > .kadence-column812_4c2a59-1b:not(.specificity){margin-right:0px;margin-left:0px;}}@media all and (max-width: 767px){.kt-row-column-wrap > .kadence-column812_4c2a59-1b{align-self:flex-start;}.kt-inner-column-height-full:not(.kt-has-1-columns) > .wp-block-kadence-column.kadence-column812_4c2a59-1b{align-self:auto;}.kt-inner-column-height-full:not(.kt-has-1-columns) > .wp-block-kadence-column.kadence-column812_4c2a59-1b > .kt-inside-inner-col{flex-direction:column;justify-content:flex-start;}.kadence-column812_4c2a59-1b > .kt-inside-inner-col{flex-direction:column;justify-content:flex-start;}.kadence-column812_4c2a59-1b, .kt-inside-inner-col > .kadence-column812_4c2a59-1b:not(.specificity){margin-right:0px;margin-left:0px;}}<\/style>\n<div class=\"wp-block-kadence-column kadence-column812_4c2a59-1b inner-column-1\"><div class=\"kt-inside-inner-col\"><style>.kb-row-layout-wrap.wp-block-kadence-rowlayout.kb-row-layout-id812_680046-8d{margin-bottom:50px;}.kb-row-layout-id812_680046-8d > .kt-row-column-wrap{align-content:start;}:where(.kb-row-layout-id812_680046-8d > .kt-row-column-wrap) > .wp-block-kadence-column{justify-content:start;}.kb-row-layout-id812_680046-8d > .kt-row-column-wrap{column-gap:var(--global-kb-gap-md, 2rem);row-gap:var(--global-kb-gap-md, 2rem);padding-top:0px;padding-right:40px;padding-bottom:0px;padding-left:0px;grid-template-columns:minmax(0, 1fr);}.kb-row-layout-id812_680046-8d > .kt-row-layout-overlay{opacity:0.30;}@media all and (max-width: 1024px){.kb-row-layout-id812_680046-8d > .kt-row-column-wrap{padding-right:0px;padding-left:0px;grid-template-columns:minmax(0, 1fr);}}@media all and (max-width: 767px){.kb-row-layout-id812_680046-8d > .kt-row-column-wrap{padding-right:0px;padding-left:0px;grid-template-columns:minmax(0, 1fr);}}<\/style><div class=\"kb-row-layout-wrap kb-row-layout-id812_680046-8d alignnone wp-block-kadence-rowlayout\"><div class=\"kt-row-column-wrap kt-has-1-columns kt-row-layout-equal kt-tab-layout-inherit kt-mobile-layout-row kt-row-valign-top\">\n<style>.kadence-column812_66de7b-4d > .kt-inside-inner-col,.kadence-column812_66de7b-4d > .kt-inside-inner-col:before{border-top-left-radius:0px;border-top-right-radius:0px;border-bottom-right-radius:0px;border-bottom-left-radius:0px;}.kadence-column812_66de7b-4d > .kt-inside-inner-col{column-gap:var(--global-kb-gap-sm, 1rem);}.kadence-column812_66de7b-4d > .kt-inside-inner-col{flex-direction:column;}.kadence-column812_66de7b-4d > .kt-inside-inner-col > .aligncenter{width:100%;}.kadence-column812_66de7b-4d > .kt-inside-inner-col:before{opacity:0.3;}.kadence-column812_66de7b-4d{position:relative;}@media all and (max-width: 1024px){.kadence-column812_66de7b-4d > .kt-inside-inner-col{flex-direction:column;justify-content:center;}}@media all and (max-width: 1024px){.kadence-column812_66de7b-4d, .kt-inside-inner-col > .kadence-column812_66de7b-4d:not(.specificity){margin-right:0px;margin-left:0px;}}@media all and (max-width: 767px){.kadence-column812_66de7b-4d > .kt-inside-inner-col{flex-direction:column;justify-content:center;}}<\/style>\n<div class=\"wp-block-kadence-column kadence-column812_66de7b-4d inner-column-1\"><div class=\"kt-inside-inner-col\"><style>.wp-block-kadence-advancedheading.kt-adv-heading812_97d3f3-0a, .wp-block-kadence-advancedheading.kt-adv-heading812_97d3f3-0a[data-kb-block=\"kb-adv-heading812_97d3f3-0a\"]{max-width:1598px;padding-top:0px;margin-top:0px;text-align:left;font-style:normal;}.wp-block-kadence-advancedheading.kt-adv-heading812_97d3f3-0a mark.kt-highlight, .wp-block-kadence-advancedheading.kt-adv-heading812_97d3f3-0a[data-kb-block=\"kb-adv-heading812_97d3f3-0a\"] mark.kt-highlight{font-style:normal;color:#f76a0c;-webkit-box-decoration-break:clone;box-decoration-break:clone;padding-top:0px;padding-right:0px;padding-bottom:0px;padding-left:0px;}@media all and (max-width: 1024px){.wp-block-kadence-advancedheading.kt-adv-heading812_97d3f3-0a, .wp-block-kadence-advancedheading.kt-adv-heading812_97d3f3-0a[data-kb-block=\"kb-adv-heading812_97d3f3-0a\"]{text-align:center!important;}}@media all and (max-width: 767px){.wp-block-kadence-advancedheading.kt-adv-heading812_97d3f3-0a, .wp-block-kadence-advancedheading.kt-adv-heading812_97d3f3-0a[data-kb-block=\"kb-adv-heading812_97d3f3-0a\"]{font-size:var(--global-kb-font-size-xl, 3rem);text-align:center!important;}}<\/style>\n<h4 class=\"kt-adv-heading812_97d3f3-0a wp-block-kadence-advancedheading\" data-kb-block=\"kb-adv-heading812_97d3f3-0a\"><br>Las Abejas &#8211; Sin aguij\u00f3n, pero con gran valor<\/h4>\n\n\n\n<p>La <em>Melipona beecheii<\/em> es una abeja sin aguij\u00f3n originaria de Am\u00e9rica Central y presente tambi\u00e9n en Cuba. Al no poder defenderse con una picadura, protege su nido con una peque\u00f1a entrada estrecha, siempre custodiada por una abeja guardiana.<\/p>\n\n\n\n<p>Debido a la fluidez de su miel, estas abejas no construyen panales convencionales, sino estructuras horizontales con potes &#8211; peque\u00f1os recipientes de cerumen (mezcla de cera y prop\u00f3leo) &#8211; donde almacenan miel y polen.<\/p>\n\n\n\n<p>Son abejas tranquilas, eficientes y fundamentales para la polinizaci\u00f3n de muchas plantas silvestres y agr\u00edcolas. Su protecci\u00f3n y cr\u00eda responsable es clave para la conservaci\u00f3n de la biodiversidad y la producci\u00f3n sostenible de alimentos.<\/p>\n\n\n<style>.wp-block-kadence-advancedheading.kt-adv-heading812_ff8ad2-45, .wp-block-kadence-advancedheading.kt-adv-heading812_ff8ad2-45[data-kb-block=\"kb-adv-heading812_ff8ad2-45\"]{font-style:normal;}.wp-block-kadence-advancedheading.kt-adv-heading812_ff8ad2-45 mark.kt-highlight, .wp-block-kadence-advancedheading.kt-adv-heading812_ff8ad2-45[data-kb-block=\"kb-adv-heading812_ff8ad2-45\"] mark.kt-highlight{font-style:normal;color:#f76a0c;-webkit-box-decoration-break:clone;box-decoration-break:clone;padding-top:0px;padding-right:0px;padding-bottom:0px;padding-left:0px;}@media all and (max-width: 1024px){.wp-block-kadence-advancedheading.kt-adv-heading812_ff8ad2-45, .wp-block-kadence-advancedheading.kt-adv-heading812_ff8ad2-45[data-kb-block=\"kb-adv-heading812_ff8ad2-45\"]{text-align:center!important;}}@media all and (max-width: 767px){.wp-block-kadence-advancedheading.kt-adv-heading812_ff8ad2-45, .wp-block-kadence-advancedheading.kt-adv-heading812_ff8ad2-45[data-kb-block=\"kb-adv-heading812_ff8ad2-45\"]{text-align:center!important;}}<\/style>\n<p class=\"kt-adv-heading812_ff8ad2-45 wp-block-kadence-advancedheading\" data-kb-block=\"kb-adv-heading812_ff8ad2-45\"><\/p>\n<\/div><\/div>\n\n<\/div><\/div><\/div><\/div>\n\n\n<style>.kadence-column812_8055a6-75 > .kt-inside-inner-col,.kadence-column812_8055a6-75 > .kt-inside-inner-col:before{border-top-left-radius:0px;border-top-right-radius:0px;border-bottom-right-radius:0px;border-bottom-left-radius:0px;}.kadence-column812_8055a6-75 > .kt-inside-inner-col{column-gap:var(--global-kb-gap-sm, 1rem);}.kadence-column812_8055a6-75 > .kt-inside-inner-col{flex-direction:column;}.kadence-column812_8055a6-75 > .kt-inside-inner-col > .aligncenter{width:100%;}.kadence-column812_8055a6-75 > .kt-inside-inner-col:before{opacity:0.3;}.kadence-column812_8055a6-75{position:relative;}@media all and (max-width: 1024px){.kadence-column812_8055a6-75 > .kt-inside-inner-col{flex-direction:column;justify-content:center;}}@media all and (max-width: 767px){.kadence-column812_8055a6-75 > .kt-inside-inner-col{flex-direction:column;justify-content:center;}}<\/style>\n<div class=\"wp-block-kadence-column kadence-column812_8055a6-75 inner-column-2\"><div class=\"kt-inside-inner-col\"><style>.kb-row-layout-id812_8eddc2-b6 > .kt-row-column-wrap{align-content:start;}:where(.kb-row-layout-id812_8eddc2-b6 > .kt-row-column-wrap) > .wp-block-kadence-column{justify-content:start;}.kb-row-layout-id812_8eddc2-b6 > .kt-row-column-wrap{column-gap:var(--global-kb-gap-sm, 1rem);row-gap:var(--global-kb-gap-md, 2rem);padding-top:var(--global-kb-spacing-sm, 1.5rem);grid-template-columns:minmax(0, 1fr);}.kb-row-layout-id812_8eddc2-b6 > .kt-row-layout-overlay{opacity:0.30;}@media all and (max-width: 1024px){.kb-row-layout-id812_8eddc2-b6 > .kt-row-column-wrap{grid-template-columns:minmax(0, 1fr);}}@media all and (max-width: 767px){.kb-row-layout-id812_8eddc2-b6 > .kt-row-column-wrap{padding-top:0px;padding-right:0px;padding-bottom:0px;padding-left:0px;grid-template-columns:minmax(0, 1fr);}}<\/style><div class=\"kb-row-layout-wrap kb-row-layout-id812_8eddc2-b6 alignnone wp-block-kadence-rowlayout\"><div class=\"kt-row-column-wrap kt-has-2-columns kt-row-layout-row kt-tab-layout-inherit kt-mobile-layout-row kt-row-valign-top\">\n<style>.kadence-column812_aeb6f2-52 > .kt-inside-inner-col,.kadence-column812_aeb6f2-52 > .kt-inside-inner-col:before{border-top-left-radius:0px;border-top-right-radius:0px;border-bottom-right-radius:0px;border-bottom-left-radius:0px;}.kadence-column812_aeb6f2-52 > .kt-inside-inner-col{column-gap:var(--global-kb-gap-sm, 1rem);}.kadence-column812_aeb6f2-52 > .kt-inside-inner-col{flex-direction:column;}.kadence-column812_aeb6f2-52 > .kt-inside-inner-col > .aligncenter{width:100%;}.kadence-column812_aeb6f2-52 > .kt-inside-inner-col:before{opacity:0.3;}.kadence-column812_aeb6f2-52{position:relative;}@media all and (max-width: 1024px){.kadence-column812_aeb6f2-52 > .kt-inside-inner-col{flex-direction:column;justify-content:center;}}@media all and (max-width: 767px){.kadence-column812_aeb6f2-52 > .kt-inside-inner-col{flex-direction:column;justify-content:center;}.kadence-column812_aeb6f2-52, .kt-inside-inner-col > .kadence-column812_aeb6f2-52:not(.specificity){margin-right:0px;margin-left:0px;}}<\/style>\n<div class=\"wp-block-kadence-column kadence-column812_aeb6f2-52 inner-column-2\"><div class=\"kt-inside-inner-col\">\n<figure class=\"wp-block-image size-full is-resized\"><img loading=\"lazy\" decoding=\"async\" width=\"2045\" height=\"2048\" src=\"https:\/\/www.meliponarios-loriga.com\/wp-content\/uploads\/2025\/07\/Blumen_Blueten_Zarza_Pisonia-aculeata_03.jpg\" alt=\"\" class=\"wp-image-955\" style=\"width:669px;height:auto\" srcset=\"https:\/\/www.meliponarios-loriga.com\/wp-content\/uploads\/2025\/07\/Blumen_Blueten_Zarza_Pisonia-aculeata_03.jpg 2045w, https:\/\/www.meliponarios-loriga.com\/wp-content\/uploads\/2025\/07\/Blumen_Blueten_Zarza_Pisonia-aculeata_03-300x300.jpg 300w, https:\/\/www.meliponarios-loriga.com\/wp-content\/uploads\/2025\/07\/Blumen_Blueten_Zarza_Pisonia-aculeata_03-150x150.jpg 150w, https:\/\/www.meliponarios-loriga.com\/wp-content\/uploads\/2025\/07\/Blumen_Blueten_Zarza_Pisonia-aculeata_03-768x769.jpg 768w, https:\/\/www.meliponarios-loriga.com\/wp-content\/uploads\/2025\/07\/Blumen_Blueten_Zarza_Pisonia-aculeata_03-1534x1536.jpg 1534w\" sizes=\"auto, (max-width: 2045px) 100vw, 2045px\" \/><\/figure>\n<\/div><\/div>\n\n\n<style>.kadence-column812_ba250d-3c > .kt-inside-inner-col,.kadence-column812_ba250d-3c > .kt-inside-inner-col:before{border-top-left-radius:0px;border-top-right-radius:0px;border-bottom-right-radius:0px;border-bottom-left-radius:0px;}.kadence-column812_ba250d-3c > .kt-inside-inner-col{column-gap:var(--global-kb-gap-sm, 1rem);}.kadence-column812_ba250d-3c > .kt-inside-inner-col{flex-direction:column;}.kadence-column812_ba250d-3c > .kt-inside-inner-col > .aligncenter{width:100%;}.kadence-column812_ba250d-3c > .kt-inside-inner-col:before{opacity:0.3;}.kadence-column812_ba250d-3c{position:relative;}@media all and (max-width: 1024px){.kadence-column812_ba250d-3c > .kt-inside-inner-col{flex-direction:column;justify-content:center;}}@media all and (max-width: 767px){.kadence-column812_ba250d-3c > .kt-inside-inner-col{flex-direction:column;justify-content:center;}}<\/style>\n<div class=\"wp-block-kadence-column kadence-column812_ba250d-3c\"><div class=\"kt-inside-inner-col\">\n<figure class=\"wp-block-image size-full\"><img loading=\"lazy\" decoding=\"async\" width=\"1020\" height=\"768\" src=\"https:\/\/www.meliponarios-loriga.com\/wp-content\/uploads\/2025\/07\/Abejas_03.jpg\" alt=\"\" class=\"wp-image-946\" srcset=\"https:\/\/www.meliponarios-loriga.com\/wp-content\/uploads\/2025\/07\/Abejas_03.jpg 1020w, https:\/\/www.meliponarios-loriga.com\/wp-content\/uploads\/2025\/07\/Abejas_03-300x226.jpg 300w, https:\/\/www.meliponarios-loriga.com\/wp-content\/uploads\/2025\/07\/Abejas_03-768x578.jpg 768w\" sizes=\"auto, (max-width: 1020px) 100vw, 1020px\" \/><\/figure>\n<\/div><\/div>\n\n<\/div><\/div><\/div><\/div>\n\n<\/div><\/div>\n\n\n<p><\/p>\n","protected":false},"excerpt":{"rendered":"<p>Las Abejas &#8211; Sin aguij\u00f3n, pero con gran valor La Melipona beecheii es una abeja sin aguij\u00f3n originaria de Am\u00e9rica Central y presente tambi\u00e9n en Cuba. Al no poder defenderse con una picadura, protege su nido con una peque\u00f1a entrada estrecha, siempre custodiada por una abeja guardiana. Debido a la fluidez de su miel, estas&#8230;<\/p>\n","protected":false},"author":1,"featured_media":684,"parent":0,"menu_order":0,"comment_status":"closed","ping_status":"closed","template":"","meta":{"_kadence_starter_templates_imported_post":true,"_kad_post_transparent":"","_kad_post_title":"hide","_kad_post_layout":"fullwidth","_kad_post_sidebar_id":"","_kad_post_content_style":"unboxed","_kad_post_vertical_padding":"hide","_kad_post_feature":"hide","_kad_post_feature_position":"","_kad_post_header":false,"_kad_post_footer":false,"_kad_post_classname":"","footnotes":""},"class_list":["post-812","page","type-page","status-publish","has-post-thumbnail","hentry"],"_links":{"self":[{"href":"https:\/\/www.meliponarios-loriga.com\/index.php\/wp-json\/wp\/v2\/pages\/812","targetHints":{"allow":["GET"]}}],"collection":[{"href":"https:\/\/www.meliponarios-loriga.com\/index.php\/wp-json\/wp\/v2\/pages"}],"about":[{"href":"https:\/\/www.meliponarios-loriga.com\/index.php\/wp-json\/wp\/v2\/types\/page"}],"author":[{"embeddable":true,"href":"https:\/\/www.meliponarios-loriga.com\/index.php\/wp-json\/wp\/v2\/users\/1"}],"replies":[{"embeddable":true,"href":"https:\/\/www.meliponarios-loriga.com\/index.php\/wp-json\/wp\/v2\/comments?post=812"}],"version-history":[{"count":13,"href":"https:\/\/www.meliponarios-loriga.com\/index.php\/wp-json\/wp\/v2\/pages\/812\/revisions"}],"predecessor-version":[{"id":957,"href":"https:\/\/www.meliponarios-loriga.com\/index.php\/wp-json\/wp\/v2\/pages\/812\/revisions\/957"}],"wp:featuredmedia":[{"embeddable":true,"href":"https:\/\/www.meliponarios-loriga.com\/index.php\/wp-json\/wp\/v2\/media\/684"}],"wp:attachment":[{"href":"https:\/\/www.meliponarios-loriga.com\/index.php\/wp-json\/wp\/v2\/media?parent=812"}],"curies":[{"name":"wp","href":"https:\/\/api.w.org\/{rel}","templated":true}]}}