{"id":832,"date":"2025-01-08T17:29:33","date_gmt":"2025-01-08T16:29:33","guid":{"rendered":"https:\/\/rdeuber.ch\/meliponarios-loriga\/?page_id=832"},"modified":"2025-08-17T13:51:59","modified_gmt":"2025-08-17T12:51:59","slug":"meliponicultura-racional","status":"publish","type":"page","link":"https:\/\/www.meliponarios-loriga.com\/index.php\/meliponicultura-racional\/","title":{"rendered":"MELIPONICULTURA RACIONAL"},"content":{"rendered":"<style>.kb-row-layout-id832_1a8e18-10 > .kt-row-column-wrap{align-content:center;}:where(.kb-row-layout-id832_1a8e18-10 > .kt-row-column-wrap) > .wp-block-kadence-column{justify-content:center;}.kb-row-layout-id832_1a8e18-10 > .kt-row-column-wrap{column-gap:20px;row-gap:var(--global-kb-gap-md, 2rem);max-width:var( --global-content-width, 1290px );padding-left:var(--global-content-edge-padding);padding-right:var(--global-content-edge-padding);padding-top:0px;padding-right:0px;padding-bottom:120px;padding-left:0px;grid-template-columns:minmax(0, calc(55% - ((20px * 1 )\/2)))minmax(0, calc(45% - ((20px * 1 )\/2)));}.kb-row-layout-id832_1a8e18-10 > .kt-row-layout-overlay{opacity:1;background:linear-gradient(270deg, var(--global-palette8) 35%, var(--global-palette9) 0%);}@media all and (max-width: 1024px){.kb-row-layout-id832_1a8e18-10 > .kt-row-column-wrap{padding-top:60px;padding-right:40px;padding-bottom:60px;padding-left:40px;grid-template-columns:minmax(0, 1fr);}}@media all and (max-width: 767px){.kb-row-layout-id832_1a8e18-10 > .kt-row-column-wrap{padding-top:60px;padding-right:30px;padding-bottom:60px;padding-left:30px;grid-template-columns:minmax(0, 1fr);}}<\/style><div class=\"kb-row-layout-wrap kb-row-layout-id832_1a8e18-10 alignnone kt-row-has-bg wp-block-kadence-rowlayout\"><div class=\"kt-row-layout-overlay kt-row-overlay-gradient\"><\/div><div class=\"kt-row-column-wrap kt-has-2-columns kt-row-layout-equal kt-tab-layout-row kt-mobile-layout-row kt-row-valign-middle kb-theme-content-width\">\n<style>.kadence-column832_4cffdb-e7 > .kt-inside-inner-col{display:flex;}.kadence-column832_4cffdb-e7 > .kt-inside-inner-col,.kadence-column832_4cffdb-e7 > .kt-inside-inner-col:before{border-top-left-radius:0px;border-top-right-radius:0px;border-bottom-right-radius:0px;border-bottom-left-radius:0px;}.kadence-column832_4cffdb-e7 > .kt-inside-inner-col{column-gap:var(--global-kb-gap-sm, 1rem);}.kadence-column832_4cffdb-e7 > .kt-inside-inner-col{flex-direction:column;justify-content:flex-start;}.kadence-column832_4cffdb-e7 > .kt-inside-inner-col > .aligncenter{width:100%;}.kt-row-column-wrap > .kadence-column832_4cffdb-e7{align-self:flex-start;}.kt-inner-column-height-full:not(.kt-has-1-columns) > .wp-block-kadence-column.kadence-column832_4cffdb-e7{align-self:auto;}.kt-inner-column-height-full:not(.kt-has-1-columns) > .wp-block-kadence-column.kadence-column832_4cffdb-e7 > .kt-inside-inner-col{flex-direction:column;justify-content:flex-start;}.kadence-column832_4cffdb-e7 > .kt-inside-inner-col:before{opacity:0.3;}.kadence-column832_4cffdb-e7{position:relative;}.kadence-column832_4cffdb-e7, .kt-inside-inner-col > .kadence-column832_4cffdb-e7:not(.specificity){margin-right:50px;}@media all and (max-width: 1024px){.kadence-column832_4cffdb-e7 > .kt-inside-inner-col{padding-right:0px;padding-left:0px;flex-direction:column;justify-content:flex-start;}}@media all and (max-width: 1024px){.kt-row-column-wrap > .kadence-column832_4cffdb-e7{align-self:flex-start;}}@media all and (max-width: 1024px){.kt-inner-column-height-full:not(.kt-has-1-columns) > .wp-block-kadence-column.kadence-column832_4cffdb-e7{align-self:auto;}}@media all and (max-width: 1024px){.kt-inner-column-height-full:not(.kt-has-1-columns) > .wp-block-kadence-column.kadence-column832_4cffdb-e7 > .kt-inside-inner-col{flex-direction:column;justify-content:flex-start;}}@media all and (max-width: 1024px){.kadence-column832_4cffdb-e7, .kt-inside-inner-col > .kadence-column832_4cffdb-e7:not(.specificity){margin-right:0px;margin-left:0px;}}@media all and (max-width: 767px){.kt-row-column-wrap > .kadence-column832_4cffdb-e7{align-self:flex-start;}.kt-inner-column-height-full:not(.kt-has-1-columns) > .wp-block-kadence-column.kadence-column832_4cffdb-e7{align-self:auto;}.kt-inner-column-height-full:not(.kt-has-1-columns) > .wp-block-kadence-column.kadence-column832_4cffdb-e7 > .kt-inside-inner-col{flex-direction:column;justify-content:flex-start;}.kadence-column832_4cffdb-e7 > .kt-inside-inner-col{flex-direction:column;justify-content:flex-start;}.kadence-column832_4cffdb-e7, .kt-inside-inner-col > .kadence-column832_4cffdb-e7:not(.specificity){margin-right:0px;margin-left:0px;}}<\/style>\n<div class=\"wp-block-kadence-column kadence-column832_4cffdb-e7 inner-column-1\"><div class=\"kt-inside-inner-col\"><style>.kb-row-layout-wrap.wp-block-kadence-rowlayout.kb-row-layout-id832_13416a-09{margin-bottom:50px;}.kb-row-layout-id832_13416a-09 > .kt-row-column-wrap{align-content:start;}:where(.kb-row-layout-id832_13416a-09 > .kt-row-column-wrap) > .wp-block-kadence-column{justify-content:start;}.kb-row-layout-id832_13416a-09 > .kt-row-column-wrap{column-gap:var(--global-kb-gap-md, 2rem);row-gap:var(--global-kb-gap-md, 2rem);padding-top:0px;padding-right:40px;padding-bottom:0px;padding-left:0px;grid-template-columns:minmax(0, 1fr);}.kb-row-layout-id832_13416a-09 > .kt-row-layout-overlay{opacity:0.30;}@media all and (max-width: 1024px){.kb-row-layout-id832_13416a-09 > .kt-row-column-wrap{padding-right:0px;padding-left:0px;grid-template-columns:minmax(0, 1fr);}}@media all and (max-width: 767px){.kb-row-layout-id832_13416a-09 > .kt-row-column-wrap{padding-right:0px;padding-left:0px;grid-template-columns:minmax(0, 1fr);}}<\/style><div class=\"kb-row-layout-wrap kb-row-layout-id832_13416a-09 alignnone wp-block-kadence-rowlayout\"><div class=\"kt-row-column-wrap kt-has-1-columns kt-row-layout-equal kt-tab-layout-inherit kt-mobile-layout-row kt-row-valign-top\">\n<style>.kadence-column832_dac4b5-54 > .kt-inside-inner-col,.kadence-column832_dac4b5-54 > .kt-inside-inner-col:before{border-top-left-radius:0px;border-top-right-radius:0px;border-bottom-right-radius:0px;border-bottom-left-radius:0px;}.kadence-column832_dac4b5-54 > .kt-inside-inner-col{column-gap:var(--global-kb-gap-sm, 1rem);}.kadence-column832_dac4b5-54 > .kt-inside-inner-col{flex-direction:column;}.kadence-column832_dac4b5-54 > .kt-inside-inner-col > .aligncenter{width:100%;}.kadence-column832_dac4b5-54 > .kt-inside-inner-col:before{opacity:0.3;}.kadence-column832_dac4b5-54{position:relative;}@media all and (max-width: 1024px){.kadence-column832_dac4b5-54 > .kt-inside-inner-col{flex-direction:column;justify-content:center;}}@media all and (max-width: 1024px){.kadence-column832_dac4b5-54, .kt-inside-inner-col > .kadence-column832_dac4b5-54:not(.specificity){margin-right:0px;margin-left:0px;}}@media all and (max-width: 767px){.kadence-column832_dac4b5-54 > .kt-inside-inner-col{flex-direction:column;justify-content:center;}}<\/style>\n<div class=\"wp-block-kadence-column kadence-column832_dac4b5-54 inner-column-1\"><div class=\"kt-inside-inner-col\">\n<p><\/p>\n\n\n<style>.wp-block-kadence-advancedheading.kt-adv-heading832_7622e2-44, .wp-block-kadence-advancedheading.kt-adv-heading832_7622e2-44[data-kb-block=\"kb-adv-heading832_7622e2-44\"]{max-width:1598px;padding-top:0px;margin-top:0px;text-align:left;font-style:normal;}.wp-block-kadence-advancedheading.kt-adv-heading832_7622e2-44 mark.kt-highlight, .wp-block-kadence-advancedheading.kt-adv-heading832_7622e2-44[data-kb-block=\"kb-adv-heading832_7622e2-44\"] mark.kt-highlight{font-style:normal;color:#f76a0c;-webkit-box-decoration-break:clone;box-decoration-break:clone;padding-top:0px;padding-right:0px;padding-bottom:0px;padding-left:0px;}@media all and (max-width: 1024px){.wp-block-kadence-advancedheading.kt-adv-heading832_7622e2-44, .wp-block-kadence-advancedheading.kt-adv-heading832_7622e2-44[data-kb-block=\"kb-adv-heading832_7622e2-44\"]{text-align:center!important;}}@media all and (max-width: 767px){.wp-block-kadence-advancedheading.kt-adv-heading832_7622e2-44, .wp-block-kadence-advancedheading.kt-adv-heading832_7622e2-44[data-kb-block=\"kb-adv-heading832_7622e2-44\"]{font-size:var(--global-kb-font-size-xl, 3rem);text-align:center!important;}}<\/style>\n<h4 class=\"kt-adv-heading832_7622e2-44 wp-block-kadence-advancedheading\" data-kb-block=\"kb-adv-heading832_7622e2-44\"><strong>Cr\u00eda racional y respetuosa<\/strong><\/h4>\n\n\n\n<p>Para la cr\u00eda de nuestras abejas, utilizamos colmenas basadas en el sistema INPA para abejas sin aguij\u00f3n, desarrollado posteriormente por el profesor Walberto Loriga Pe\u00f1a para nuestras abejas <em>Meliponas Becheeii<\/em>. As\u00ed, se realizaron peque\u00f1os ajustes en las dimensiones y se desarrollaron dos tipos de colmenas<br>Cada colmena consta de tres niveles (desde abajo a arriba)<\/p>\n\n\n\n<ul class=\"wp-block-list\">\n<li><strong>1.\u00a0El Nido<\/strong> es la zona principal de cr\u00eda<\/li>\n\n\n\n<li><strong>2.\u00a0En el Sobrenido<\/strong> se desarrolla la c\u00e1mara de cr\u00eda y tambi\u00e9n acumulan reservas de uso para la colonia. <br>El sobrenido es adem\u00e1s el m\u00f3dulo de divisi\u00f3n.<\/li>\n\n\n\n<li><strong>3.\u00a0Las<\/strong> <strong>Alzas Mieleras<\/strong> son los m\u00f3dulos para cosechar tanto miel como pan de abejas<\/li>\n<\/ul>\n\n\n\n<p>Este dise\u00f1o permite una extracci\u00f3n cuidadosa del excedente de miel, sin alterar el coraz\u00f3n del nido. Adem\u00e1s, facilita una reproducci\u00f3n sencilla: al intercambiar el segundo nido lleno de una colmena fuerte con uno vac\u00edo de otra colmena, las abejas obreras cr\u00edan una nueva reina de forma natural, sin intervenci\u00f3n artificial.<br><br>De esta manera promovemos una vida saludable y natural para las abejas, mientras facilitamos la producci\u00f3n de miel y la multiplicaci\u00f3n de las colonias.<\/p>\n\n\n\n<p><\/p>\n\n\n<style>.wp-block-kadence-advancedheading.kt-adv-heading832_051868-a2, .wp-block-kadence-advancedheading.kt-adv-heading832_051868-a2[data-kb-block=\"kb-adv-heading832_051868-a2\"]{font-style:normal;}.wp-block-kadence-advancedheading.kt-adv-heading832_051868-a2 mark.kt-highlight, .wp-block-kadence-advancedheading.kt-adv-heading832_051868-a2[data-kb-block=\"kb-adv-heading832_051868-a2\"] mark.kt-highlight{font-style:normal;color:#f76a0c;-webkit-box-decoration-break:clone;box-decoration-break:clone;padding-top:0px;padding-right:0px;padding-bottom:0px;padding-left:0px;}@media all and (max-width: 1024px){.wp-block-kadence-advancedheading.kt-adv-heading832_051868-a2, .wp-block-kadence-advancedheading.kt-adv-heading832_051868-a2[data-kb-block=\"kb-adv-heading832_051868-a2\"]{text-align:center!important;}}@media all and (max-width: 767px){.wp-block-kadence-advancedheading.kt-adv-heading832_051868-a2, .wp-block-kadence-advancedheading.kt-adv-heading832_051868-a2[data-kb-block=\"kb-adv-heading832_051868-a2\"]{text-align:center!important;}}<\/style>\n<p class=\"kt-adv-heading832_051868-a2 wp-block-kadence-advancedheading\" data-kb-block=\"kb-adv-heading832_051868-a2\"><\/p>\n<\/div><\/div>\n\n<\/div><\/div><\/div><\/div>\n\n\n<style>.kadence-column832_f27799-dc > .kt-inside-inner-col,.kadence-column832_f27799-dc > .kt-inside-inner-col:before{border-top-left-radius:0px;border-top-right-radius:0px;border-bottom-right-radius:0px;border-bottom-left-radius:0px;}.kadence-column832_f27799-dc > .kt-inside-inner-col{column-gap:var(--global-kb-gap-sm, 1rem);}.kadence-column832_f27799-dc > .kt-inside-inner-col{flex-direction:column;}.kadence-column832_f27799-dc > .kt-inside-inner-col > .aligncenter{width:100%;}.kadence-column832_f27799-dc > .kt-inside-inner-col:before{opacity:0.3;}.kadence-column832_f27799-dc{position:relative;}@media all and (max-width: 1024px){.kadence-column832_f27799-dc > .kt-inside-inner-col{flex-direction:column;justify-content:center;}}@media all and (max-width: 767px){.kadence-column832_f27799-dc > .kt-inside-inner-col{flex-direction:column;justify-content:center;}}<\/style>\n<div class=\"wp-block-kadence-column kadence-column832_f27799-dc inner-column-2\"><div class=\"kt-inside-inner-col\"><style>.kb-row-layout-id832_b1f3d7-eb > .kt-row-column-wrap{align-content:start;}:where(.kb-row-layout-id832_b1f3d7-eb > .kt-row-column-wrap) > .wp-block-kadence-column{justify-content:start;}.kb-row-layout-id832_b1f3d7-eb > .kt-row-column-wrap{column-gap:var(--global-kb-gap-sm, 1rem);row-gap:var(--global-kb-gap-md, 2rem);padding-top:var(--global-kb-spacing-sm, 1.5rem);grid-template-columns:minmax(0, 1fr);}.kb-row-layout-id832_b1f3d7-eb > .kt-row-layout-overlay{opacity:0.30;}@media all and (max-width: 1024px){.kb-row-layout-id832_b1f3d7-eb > .kt-row-column-wrap{grid-template-columns:minmax(0, 1fr);}}@media all and (max-width: 767px){.kb-row-layout-id832_b1f3d7-eb > .kt-row-column-wrap{padding-top:0px;padding-right:0px;padding-bottom:0px;padding-left:0px;grid-template-columns:minmax(0, 1fr);}}<\/style><div class=\"kb-row-layout-wrap kb-row-layout-id832_b1f3d7-eb alignnone wp-block-kadence-rowlayout\"><div class=\"kt-row-column-wrap kt-has-2-columns kt-row-layout-row kt-tab-layout-inherit kt-mobile-layout-row kt-row-valign-top\">\n<style>.kadence-column832_9c6294-fc > .kt-inside-inner-col,.kadence-column832_9c6294-fc > .kt-inside-inner-col:before{border-top-left-radius:0px;border-top-right-radius:0px;border-bottom-right-radius:0px;border-bottom-left-radius:0px;}.kadence-column832_9c6294-fc > .kt-inside-inner-col{column-gap:var(--global-kb-gap-sm, 1rem);}.kadence-column832_9c6294-fc > .kt-inside-inner-col{flex-direction:column;}.kadence-column832_9c6294-fc > .kt-inside-inner-col > .aligncenter{width:100%;}.kadence-column832_9c6294-fc > .kt-inside-inner-col:before{opacity:0.3;}.kadence-column832_9c6294-fc{position:relative;}@media all and (max-width: 1024px){.kadence-column832_9c6294-fc > .kt-inside-inner-col{flex-direction:column;justify-content:center;}}@media all and (max-width: 767px){.kadence-column832_9c6294-fc > .kt-inside-inner-col{flex-direction:column;justify-content:center;}.kadence-column832_9c6294-fc, .kt-inside-inner-col > .kadence-column832_9c6294-fc:not(.specificity){margin-right:0px;margin-left:0px;}}<\/style>\n<div class=\"wp-block-kadence-column kadence-column832_9c6294-fc inner-column-2\"><div class=\"kt-inside-inner-col\">\n<figure class=\"wp-block-image size-large\"><img loading=\"lazy\" decoding=\"async\" width=\"1024\" height=\"771\" src=\"https:\/\/www.meliponarios-loriga.com\/wp-content\/uploads\/2025\/07\/MR_01-1024x771.jpg\" alt=\"\" class=\"wp-image-928\" srcset=\"https:\/\/www.meliponarios-loriga.com\/wp-content\/uploads\/2025\/07\/MR_01-1024x771.jpg 1024w, https:\/\/www.meliponarios-loriga.com\/wp-content\/uploads\/2025\/07\/MR_01-300x226.jpg 300w, https:\/\/www.meliponarios-loriga.com\/wp-content\/uploads\/2025\/07\/MR_01-768x578.jpg 768w, https:\/\/www.meliponarios-loriga.com\/wp-content\/uploads\/2025\/07\/MR_01-1536x1157.jpg 1536w, https:\/\/www.meliponarios-loriga.com\/wp-content\/uploads\/2025\/07\/MR_01.jpg 2048w\" sizes=\"auto, (max-width: 1024px) 100vw, 1024px\" \/><\/figure>\n<\/div><\/div>\n\n\n<style>.kadence-column832_f6c9f7-4f > .kt-inside-inner-col,.kadence-column832_f6c9f7-4f > .kt-inside-inner-col:before{border-top-left-radius:0px;border-top-right-radius:0px;border-bottom-right-radius:0px;border-bottom-left-radius:0px;}.kadence-column832_f6c9f7-4f > .kt-inside-inner-col{column-gap:var(--global-kb-gap-sm, 1rem);}.kadence-column832_f6c9f7-4f > .kt-inside-inner-col{flex-direction:column;}.kadence-column832_f6c9f7-4f > .kt-inside-inner-col > .aligncenter{width:100%;}.kadence-column832_f6c9f7-4f > .kt-inside-inner-col:before{opacity:0.3;}.kadence-column832_f6c9f7-4f{position:relative;}@media all and (max-width: 1024px){.kadence-column832_f6c9f7-4f > .kt-inside-inner-col{flex-direction:column;justify-content:center;}}@media all and (max-width: 767px){.kadence-column832_f6c9f7-4f > .kt-inside-inner-col{flex-direction:column;justify-content:center;}}<\/style>\n<div class=\"wp-block-kadence-column kadence-column832_f6c9f7-4f\"><div class=\"kt-inside-inner-col\">\n<figure class=\"wp-block-image size-large\"><img loading=\"lazy\" decoding=\"async\" width=\"1024\" height=\"530\" src=\"https:\/\/www.meliponarios-loriga.com\/wp-content\/uploads\/2025\/07\/MR_04-1024x530.jpg\" alt=\"\" class=\"wp-image-936\" srcset=\"https:\/\/www.meliponarios-loriga.com\/wp-content\/uploads\/2025\/07\/MR_04-1024x530.jpg 1024w, https:\/\/www.meliponarios-loriga.com\/wp-content\/uploads\/2025\/07\/MR_04-300x155.jpg 300w, https:\/\/www.meliponarios-loriga.com\/wp-content\/uploads\/2025\/07\/MR_04-768x398.jpg 768w, https:\/\/www.meliponarios-loriga.com\/wp-content\/uploads\/2025\/07\/MR_04-1536x795.jpg 1536w, https:\/\/www.meliponarios-loriga.com\/wp-content\/uploads\/2025\/07\/MR_04.jpg 2016w\" sizes=\"auto, (max-width: 1024px) 100vw, 1024px\" \/><figcaption class=\"wp-element-caption\">Screenshot<\/figcaption><\/figure>\n<\/div><\/div>\n\n<\/div><\/div><\/div><\/div>\n\n<\/div><\/div>\n\n\n<p><\/p>\n","protected":false},"excerpt":{"rendered":"<p>Cr\u00eda racional y respetuosa Para la cr\u00eda de nuestras abejas, utilizamos colmenas basadas en el sistema INPA para abejas sin aguij\u00f3n, desarrollado posteriormente por el profesor Walberto Loriga Pe\u00f1a para nuestras abejas Meliponas Becheeii. As\u00ed, se realizaron peque\u00f1os ajustes en las dimensiones y se desarrollaron dos tipos de colmenasCada colmena consta de tres niveles (desde&#8230;<\/p>\n","protected":false},"author":1,"featured_media":684,"parent":0,"menu_order":0,"comment_status":"closed","ping_status":"closed","template":"","meta":{"_kadence_starter_templates_imported_post":true,"_kad_post_transparent":"","_kad_post_title":"hide","_kad_post_layout":"fullwidth","_kad_post_sidebar_id":"","_kad_post_content_style":"unboxed","_kad_post_vertical_padding":"hide","_kad_post_feature":"hide","_kad_post_feature_position":"","_kad_post_header":false,"_kad_post_footer":false,"_kad_post_classname":"","footnotes":""},"class_list":["post-832","page","type-page","status-publish","has-post-thumbnail","hentry"],"_links":{"self":[{"href":"https:\/\/www.meliponarios-loriga.com\/index.php\/wp-json\/wp\/v2\/pages\/832","targetHints":{"allow":["GET"]}}],"collection":[{"href":"https:\/\/www.meliponarios-loriga.com\/index.php\/wp-json\/wp\/v2\/pages"}],"about":[{"href":"https:\/\/www.meliponarios-loriga.com\/index.php\/wp-json\/wp\/v2\/types\/page"}],"author":[{"embeddable":true,"href":"https:\/\/www.meliponarios-loriga.com\/index.php\/wp-json\/wp\/v2\/users\/1"}],"replies":[{"embeddable":true,"href":"https:\/\/www.meliponarios-loriga.com\/index.php\/wp-json\/wp\/v2\/comments?post=832"}],"version-history":[{"count":18,"href":"https:\/\/www.meliponarios-loriga.com\/index.php\/wp-json\/wp\/v2\/pages\/832\/revisions"}],"predecessor-version":[{"id":974,"href":"https:\/\/www.meliponarios-loriga.com\/index.php\/wp-json\/wp\/v2\/pages\/832\/revisions\/974"}],"wp:featuredmedia":[{"embeddable":true,"href":"https:\/\/www.meliponarios-loriga.com\/index.php\/wp-json\/wp\/v2\/media\/684"}],"wp:attachment":[{"href":"https:\/\/www.meliponarios-loriga.com\/index.php\/wp-json\/wp\/v2\/media?parent=832"}],"curies":[{"name":"wp","href":"https:\/\/api.w.org\/{rel}","templated":true}]}}