{"id":998,"date":"2025-08-17T16:36:15","date_gmt":"2025-08-17T15:36:15","guid":{"rendered":"https:\/\/www.meliponarios-loriga.com\/?page_id=998"},"modified":"2025-08-17T20:59:30","modified_gmt":"2025-08-17T19:59:30","slug":"quien-somos_de","status":"publish","type":"page","link":"https:\/\/www.meliponarios-loriga.com\/index.php\/de\/quien-somos_de\/","title":{"rendered":"QUIEN SOMOS_de"},"content":{"rendered":"<style>.kb-row-layout-id998_bc9d24-79 > .kt-row-column-wrap{align-content:center;}:where(.kb-row-layout-id998_bc9d24-79 > .kt-row-column-wrap) > .wp-block-kadence-column{justify-content:center;}.kb-row-layout-id998_bc9d24-79 > .kt-row-column-wrap{column-gap:20px;row-gap:var(--global-kb-gap-md, 2rem);max-width:var( --global-content-width, 1290px );padding-left:var(--global-content-edge-padding);padding-right:var(--global-content-edge-padding);padding-top:0px;padding-right:0px;padding-bottom:0px;padding-left:0px;grid-template-columns:minmax(0, calc(55% - ((20px * 1 )\/2)))minmax(0, calc(45% - ((20px * 1 )\/2)));}.kb-row-layout-id998_bc9d24-79 > .kt-row-layout-overlay{opacity:1;background:linear-gradient(270deg, var(--global-palette8) 35%, var(--global-palette9) 0%);}@media all and (max-width: 1024px){.kb-row-layout-id998_bc9d24-79 > .kt-row-column-wrap{padding-top:60px;padding-right:40px;padding-bottom:60px;padding-left:40px;grid-template-columns:minmax(0, 1fr);}}@media all and (max-width: 767px){.kb-row-layout-id998_bc9d24-79 > .kt-row-column-wrap{padding-top:60px;padding-right:30px;padding-bottom:60px;padding-left:30px;grid-template-columns:minmax(0, 1fr);}}<\/style><div class=\"kb-row-layout-wrap kb-row-layout-id998_bc9d24-79 alignnone kt-row-has-bg wp-block-kadence-rowlayout\"><div class=\"kt-row-layout-overlay kt-row-overlay-gradient\"><\/div><div class=\"kt-row-column-wrap kt-has-2-columns kt-row-layout-equal kt-tab-layout-row kt-mobile-layout-row kt-row-valign-middle kb-theme-content-width\">\n<style>.kadence-column998_1ff938-67 > .kt-inside-inner-col{display:flex;}.kadence-column998_1ff938-67 > .kt-inside-inner-col,.kadence-column998_1ff938-67 > .kt-inside-inner-col:before{border-top-left-radius:0px;border-top-right-radius:0px;border-bottom-right-radius:0px;border-bottom-left-radius:0px;}.kadence-column998_1ff938-67 > .kt-inside-inner-col{column-gap:var(--global-kb-gap-sm, 1rem);}.kadence-column998_1ff938-67 > .kt-inside-inner-col{flex-direction:column;justify-content:flex-start;}.kadence-column998_1ff938-67 > .kt-inside-inner-col > .aligncenter{width:100%;}.kt-row-column-wrap > .kadence-column998_1ff938-67{align-self:flex-start;}.kt-inner-column-height-full:not(.kt-has-1-columns) > .wp-block-kadence-column.kadence-column998_1ff938-67{align-self:auto;}.kt-inner-column-height-full:not(.kt-has-1-columns) > .wp-block-kadence-column.kadence-column998_1ff938-67 > .kt-inside-inner-col{flex-direction:column;justify-content:flex-start;}.kadence-column998_1ff938-67 > .kt-inside-inner-col:before{opacity:0.3;}.kadence-column998_1ff938-67{position:relative;}.kadence-column998_1ff938-67, .kt-inside-inner-col > .kadence-column998_1ff938-67:not(.specificity){margin-right:50px;}@media all and (max-width: 1024px){.kadence-column998_1ff938-67 > .kt-inside-inner-col{padding-right:0px;padding-left:0px;flex-direction:column;justify-content:flex-start;}}@media all and (max-width: 1024px){.kt-row-column-wrap > .kadence-column998_1ff938-67{align-self:flex-start;}}@media all and (max-width: 1024px){.kt-inner-column-height-full:not(.kt-has-1-columns) > .wp-block-kadence-column.kadence-column998_1ff938-67{align-self:auto;}}@media all and (max-width: 1024px){.kt-inner-column-height-full:not(.kt-has-1-columns) > .wp-block-kadence-column.kadence-column998_1ff938-67 > .kt-inside-inner-col{flex-direction:column;justify-content:flex-start;}}@media all and (max-width: 1024px){.kadence-column998_1ff938-67, .kt-inside-inner-col > .kadence-column998_1ff938-67:not(.specificity){margin-right:0px;margin-left:0px;}}@media all and (max-width: 767px){.kt-row-column-wrap > .kadence-column998_1ff938-67{align-self:flex-start;}.kt-inner-column-height-full:not(.kt-has-1-columns) > .wp-block-kadence-column.kadence-column998_1ff938-67{align-self:auto;}.kt-inner-column-height-full:not(.kt-has-1-columns) > .wp-block-kadence-column.kadence-column998_1ff938-67 > .kt-inside-inner-col{flex-direction:column;justify-content:flex-start;}.kadence-column998_1ff938-67 > .kt-inside-inner-col{flex-direction:column;justify-content:flex-start;}.kadence-column998_1ff938-67, .kt-inside-inner-col > .kadence-column998_1ff938-67:not(.specificity){margin-right:0px;margin-left:0px;}}<\/style>\n<div class=\"wp-block-kadence-column kadence-column998_1ff938-67 inner-column-1\"><div class=\"kt-inside-inner-col\"><style>.kb-row-layout-wrap.wp-block-kadence-rowlayout.kb-row-layout-id998_105ace-9e{margin-bottom:50px;}.kb-row-layout-id998_105ace-9e > .kt-row-column-wrap{align-content:end;}:where(.kb-row-layout-id998_105ace-9e > .kt-row-column-wrap) > .wp-block-kadence-column{justify-content:end;}.kb-row-layout-id998_105ace-9e > .kt-row-column-wrap{column-gap:var(--global-kb-gap-md, 2rem);row-gap:var(--global-kb-gap-md, 2rem);padding-top:0px;padding-right:40px;padding-bottom:0px;padding-left:0px;grid-template-columns:minmax(0, 1fr);}.kb-row-layout-id998_105ace-9e > .kt-row-layout-overlay{opacity:0.30;}@media all and (max-width: 1024px){.kb-row-layout-id998_105ace-9e > .kt-row-column-wrap{padding-right:0px;padding-left:0px;grid-template-columns:minmax(0, 1fr);}}@media all and (max-width: 767px){.kb-row-layout-id998_105ace-9e > .kt-row-column-wrap{padding-right:0px;padding-left:0px;grid-template-columns:minmax(0, 1fr);}}<\/style><div class=\"kb-row-layout-wrap kb-row-layout-id998_105ace-9e alignnone wp-block-kadence-rowlayout\"><div class=\"kt-row-column-wrap kt-has-1-columns kt-row-layout-equal kt-tab-layout-inherit kt-mobile-layout-row kt-row-valign-bottom\">\n<style>.kadence-column998_7318aa-d6 > .kt-inside-inner-col{display:flex;}.kadence-column998_7318aa-d6 > .kt-inside-inner-col,.kadence-column998_7318aa-d6 > .kt-inside-inner-col:before{border-top-left-radius:0px;border-top-right-radius:0px;border-bottom-right-radius:0px;border-bottom-left-radius:0px;}.kadence-column998_7318aa-d6 > .kt-inside-inner-col{column-gap:var(--global-kb-gap-sm, 1rem);}.kadence-column998_7318aa-d6 > .kt-inside-inner-col{flex-direction:column;justify-content:flex-end;}.kadence-column998_7318aa-d6 > .kt-inside-inner-col > .aligncenter{width:100%;}.kt-row-column-wrap > .kadence-column998_7318aa-d6{align-self:flex-end;}.kt-inner-column-height-full:not(.kt-has-1-columns) > .wp-block-kadence-column.kadence-column998_7318aa-d6{align-self:auto;}.kt-inner-column-height-full:not(.kt-has-1-columns) > .wp-block-kadence-column.kadence-column998_7318aa-d6 > .kt-inside-inner-col{flex-direction:column;justify-content:flex-end;}.kadence-column998_7318aa-d6 > .kt-inside-inner-col:before{opacity:0.3;}.kadence-column998_7318aa-d6{position:relative;}@media all and (max-width: 1024px){.kt-row-column-wrap > .kadence-column998_7318aa-d6{align-self:flex-end;}}@media all and (max-width: 1024px){.kt-inner-column-height-full:not(.kt-has-1-columns) > .wp-block-kadence-column.kadence-column998_7318aa-d6{align-self:auto;}}@media all and (max-width: 1024px){.kt-inner-column-height-full:not(.kt-has-1-columns) > .wp-block-kadence-column.kadence-column998_7318aa-d6 > .kt-inside-inner-col{flex-direction:column;justify-content:flex-end;}}@media all and (max-width: 1024px){.kadence-column998_7318aa-d6 > .kt-inside-inner-col{flex-direction:column;justify-content:flex-end;}}@media all and (max-width: 1024px){.kadence-column998_7318aa-d6, .kt-inside-inner-col > .kadence-column998_7318aa-d6:not(.specificity){margin-right:0px;margin-left:0px;}}@media all and (max-width: 767px){.kt-row-column-wrap > .kadence-column998_7318aa-d6{align-self:flex-end;}.kt-inner-column-height-full:not(.kt-has-1-columns) > .wp-block-kadence-column.kadence-column998_7318aa-d6{align-self:auto;}.kt-inner-column-height-full:not(.kt-has-1-columns) > .wp-block-kadence-column.kadence-column998_7318aa-d6 > .kt-inside-inner-col{flex-direction:column;justify-content:flex-end;}.kadence-column998_7318aa-d6 > .kt-inside-inner-col{flex-direction:column;justify-content:flex-end;}}<\/style>\n<div class=\"wp-block-kadence-column kadence-column998_7318aa-d6 inner-column-1\"><div class=\"kt-inside-inner-col\"><style>.wp-block-kadence-advancedheading.kt-adv-heading998_dd3e2b-17, .wp-block-kadence-advancedheading.kt-adv-heading998_dd3e2b-17[data-kb-block=\"kb-adv-heading998_dd3e2b-17\"]{max-width:1598px;padding-top:0px;margin-top:0px;text-align:left;font-style:normal;}.wp-block-kadence-advancedheading.kt-adv-heading998_dd3e2b-17 mark.kt-highlight, .wp-block-kadence-advancedheading.kt-adv-heading998_dd3e2b-17[data-kb-block=\"kb-adv-heading998_dd3e2b-17\"] mark.kt-highlight{font-style:normal;color:#f76a0c;-webkit-box-decoration-break:clone;box-decoration-break:clone;padding-top:0px;padding-right:0px;padding-bottom:0px;padding-left:0px;}@media all and (max-width: 1024px){.wp-block-kadence-advancedheading.kt-adv-heading998_dd3e2b-17, .wp-block-kadence-advancedheading.kt-adv-heading998_dd3e2b-17[data-kb-block=\"kb-adv-heading998_dd3e2b-17\"]{text-align:center!important;}}@media all and (max-width: 767px){.wp-block-kadence-advancedheading.kt-adv-heading998_dd3e2b-17, .wp-block-kadence-advancedheading.kt-adv-heading998_dd3e2b-17[data-kb-block=\"kb-adv-heading998_dd3e2b-17\"]{font-size:var(--global-kb-font-size-xl, 3rem);text-align:center!important;}}<\/style>\n<h4 class=\"kt-adv-heading998_dd3e2b-17 wp-block-kadence-advancedheading\" data-kb-block=\"kb-adv-heading998_dd3e2b-17\"><br>Meliponarios Loriga <\/h4>\n\n\n\n<p><\/p>\n\n\n\n<p>Wir sind zwei Meliponenz\u00fcchter in der Provinz Mayabeque in Kuba, die von ihren Familien unterst\u00fctzt werden.<\/p>\n\n\n\n<p>Die Meliponikultur bezieht sich auf die Zucht und Haltung von stachellosen Bienen namens Meliponas Beecheii \u2013 in Kuba Erdbienen genannt.<\/p>\n\n\n\n<p>Wir betreiben eine intensive, moderne und wandernde Meliponenzucht, die jedoch umweltfreundlich und vor allem bienenfreundlich ist.<\/p>\n\n\n\n<p>Wir haben eine besondere Berufung, unser Wissen weiterzugeben und andere Meliponas-Imker zu unterst\u00fctzen.<\/p>\n\n\n\n<p>Wir ernten Monofloral- und Polyfloral-Honig sowie Bienenbrot haupts\u00e4chlich aus Wildpflanzen, wobei wir Erntetechniken anwenden, die ein unbedenkliches Produkt von ausgezeichneter Qualit\u00e4t gew\u00e4hrleisten..<\/p>\n\n\n\n<figure class=\"wp-block-image size-large\"><img loading=\"lazy\" decoding=\"async\" width=\"1024\" height=\"771\" src=\"https:\/\/www.meliponarios-loriga.com\/wp-content\/uploads\/2025\/07\/Feria-Desarrollo_2025_01-1024x771.jpg\" alt=\"\" class=\"wp-image-913\" srcset=\"https:\/\/www.meliponarios-loriga.com\/wp-content\/uploads\/2025\/07\/Feria-Desarrollo_2025_01-1024x771.jpg 1024w, https:\/\/www.meliponarios-loriga.com\/wp-content\/uploads\/2025\/07\/Feria-Desarrollo_2025_01-300x226.jpg 300w, https:\/\/www.meliponarios-loriga.com\/wp-content\/uploads\/2025\/07\/Feria-Desarrollo_2025_01-768x578.jpg 768w, https:\/\/www.meliponarios-loriga.com\/wp-content\/uploads\/2025\/07\/Feria-Desarrollo_2025_01-1536x1157.jpg 1536w, https:\/\/www.meliponarios-loriga.com\/wp-content\/uploads\/2025\/07\/Feria-Desarrollo_2025_01.jpg 2048w\" sizes=\"auto, (max-width: 1024px) 100vw, 1024px\" \/><\/figure>\n<\/div><\/div>\n\n<\/div><\/div><\/div><\/div>\n\n\n<style>.kadence-column998_5b08ac-67 > .kt-inside-inner-col,.kadence-column998_5b08ac-67 > .kt-inside-inner-col:before{border-top-left-radius:0px;border-top-right-radius:0px;border-bottom-right-radius:0px;border-bottom-left-radius:0px;}.kadence-column998_5b08ac-67 > .kt-inside-inner-col{column-gap:var(--global-kb-gap-sm, 1rem);}.kadence-column998_5b08ac-67 > .kt-inside-inner-col{flex-direction:column;}.kadence-column998_5b08ac-67 > .kt-inside-inner-col > .aligncenter{width:100%;}.kadence-column998_5b08ac-67 > .kt-inside-inner-col:before{opacity:0.3;}.kadence-column998_5b08ac-67{position:relative;}@media all and (max-width: 1024px){.kadence-column998_5b08ac-67 > .kt-inside-inner-col{flex-direction:column;justify-content:center;}}@media all and (max-width: 767px){.kadence-column998_5b08ac-67 > .kt-inside-inner-col{flex-direction:column;justify-content:center;}}<\/style>\n<div class=\"wp-block-kadence-column kadence-column998_5b08ac-67 inner-column-2\"><div class=\"kt-inside-inner-col\"><style>.kb-row-layout-id998_8628ba-9f > .kt-row-column-wrap{align-content:start;}:where(.kb-row-layout-id998_8628ba-9f > .kt-row-column-wrap) > .wp-block-kadence-column{justify-content:start;}.kb-row-layout-id998_8628ba-9f > .kt-row-column-wrap{column-gap:var(--global-kb-gap-sm, 1rem);row-gap:var(--global-kb-gap-md, 2rem);grid-template-columns:minmax(0, 1fr);}.kb-row-layout-id998_8628ba-9f > .kt-row-layout-overlay{opacity:0.30;}@media all and (max-width: 1024px){.kb-row-layout-id998_8628ba-9f > .kt-row-column-wrap{grid-template-columns:minmax(0, 1fr);}}@media all and (max-width: 767px){.kb-row-layout-id998_8628ba-9f > .kt-row-column-wrap{padding-top:0px;padding-right:0px;padding-bottom:0px;padding-left:0px;grid-template-columns:minmax(0, 1fr);}}<\/style><div class=\"kb-row-layout-wrap kb-row-layout-id998_8628ba-9f alignnone wp-block-kadence-rowlayout\"><div class=\"kt-row-column-wrap kt-has-2-columns kt-row-layout-row kt-tab-layout-inherit kt-mobile-layout-row kt-row-valign-top\">\n<style>.kadence-column998_731a7e-79 > .kt-inside-inner-col,.kadence-column998_731a7e-79 > .kt-inside-inner-col:before{border-top-left-radius:0px;border-top-right-radius:0px;border-bottom-right-radius:0px;border-bottom-left-radius:0px;}.kadence-column998_731a7e-79 > .kt-inside-inner-col{column-gap:var(--global-kb-gap-sm, 1rem);}.kadence-column998_731a7e-79 > .kt-inside-inner-col{flex-direction:column;}.kadence-column998_731a7e-79 > .kt-inside-inner-col > .aligncenter{width:100%;}.kadence-column998_731a7e-79 > .kt-inside-inner-col:before{opacity:0.3;}.kadence-column998_731a7e-79{position:relative;}@media all and (max-width: 1024px){.kadence-column998_731a7e-79 > .kt-inside-inner-col{flex-direction:column;justify-content:center;}}@media all and (max-width: 767px){.kadence-column998_731a7e-79 > .kt-inside-inner-col{flex-direction:column;justify-content:center;}.kadence-column998_731a7e-79, .kt-inside-inner-col > .kadence-column998_731a7e-79:not(.specificity){margin-right:0px;margin-left:0px;}}<\/style>\n<div class=\"wp-block-kadence-column kadence-column998_731a7e-79 inner-column-2\"><div class=\"kt-inside-inner-col\">\n<p><\/p>\n\n\n<div class=\"wp-block-image\">\n<figure class=\"aligncenter size-large is-resized\"><img loading=\"lazy\" decoding=\"async\" width=\"830\" height=\"1024\" src=\"https:\/\/www.meliponarios-loriga.com\/wp-content\/uploads\/2025\/07\/Walberto_mit-Freund_Kinderfest-Kopie_neu-830x1024.jpg\" alt=\"\" class=\"wp-image-911\" style=\"width:457px;height:auto\" srcset=\"https:\/\/www.meliponarios-loriga.com\/wp-content\/uploads\/2025\/07\/Walberto_mit-Freund_Kinderfest-Kopie_neu-830x1024.jpg 830w, https:\/\/www.meliponarios-loriga.com\/wp-content\/uploads\/2025\/07\/Walberto_mit-Freund_Kinderfest-Kopie_neu-243x300.jpg 243w, https:\/\/www.meliponarios-loriga.com\/wp-content\/uploads\/2025\/07\/Walberto_mit-Freund_Kinderfest-Kopie_neu-768x947.jpg 768w, https:\/\/www.meliponarios-loriga.com\/wp-content\/uploads\/2025\/07\/Walberto_mit-Freund_Kinderfest-Kopie_neu-1245x1536.jpg 1245w, https:\/\/www.meliponarios-loriga.com\/wp-content\/uploads\/2025\/07\/Walberto_mit-Freund_Kinderfest-Kopie_neu.jpg 1542w\" sizes=\"auto, (max-width: 830px) 100vw, 830px\" \/><\/figure>\n<\/div><\/div><\/div>\n\n\n<style>.kadence-column998_3dd645-21 > .kt-inside-inner-col,.kadence-column998_3dd645-21 > .kt-inside-inner-col:before{border-top-left-radius:0px;border-top-right-radius:0px;border-bottom-right-radius:0px;border-bottom-left-radius:0px;}.kadence-column998_3dd645-21 > .kt-inside-inner-col{column-gap:var(--global-kb-gap-sm, 1rem);}.kadence-column998_3dd645-21 > .kt-inside-inner-col{flex-direction:column;}.kadence-column998_3dd645-21 > .kt-inside-inner-col > .aligncenter{width:100%;}.kadence-column998_3dd645-21 > .kt-inside-inner-col:before{opacity:0.3;}.kadence-column998_3dd645-21{position:relative;}@media all and (max-width: 1024px){.kadence-column998_3dd645-21 > .kt-inside-inner-col{flex-direction:column;justify-content:center;}}@media all and (max-width: 767px){.kadence-column998_3dd645-21 > .kt-inside-inner-col{flex-direction:column;justify-content:center;}}<\/style>\n<div class=\"wp-block-kadence-column kadence-column998_3dd645-21\"><div class=\"kt-inside-inner-col\"><div class=\"wp-block-image\">\n<figure class=\"aligncenter size-large is-resized\"><img loading=\"lazy\" decoding=\"async\" width=\"769\" height=\"1024\" src=\"https:\/\/www.meliponarios-loriga.com\/wp-content\/uploads\/2025\/07\/2501_premio_feria-desaroollo-local-2-769x1024.jpg\" alt=\"\" class=\"wp-image-901\" style=\"width:458px;height:auto\" srcset=\"https:\/\/www.meliponarios-loriga.com\/wp-content\/uploads\/2025\/07\/2501_premio_feria-desaroollo-local-2-769x1024.jpg 769w, https:\/\/www.meliponarios-loriga.com\/wp-content\/uploads\/2025\/07\/2501_premio_feria-desaroollo-local-2-225x300.jpg 225w, https:\/\/www.meliponarios-loriga.com\/wp-content\/uploads\/2025\/07\/2501_premio_feria-desaroollo-local-2-768x1023.jpg 768w, https:\/\/www.meliponarios-loriga.com\/wp-content\/uploads\/2025\/07\/2501_premio_feria-desaroollo-local-2-1153x1536.jpg 1153w, https:\/\/www.meliponarios-loriga.com\/wp-content\/uploads\/2025\/07\/2501_premio_feria-desaroollo-local-2.jpg 1192w\" sizes=\"auto, (max-width: 769px) 100vw, 769px\" \/><\/figure>\n<\/div><\/div><\/div>\n\n<\/div><\/div><\/div><\/div>\n\n<\/div><\/div>\n\n\n<p><\/p>\n","protected":false},"excerpt":{"rendered":"<p>Meliponarios Loriga Wir sind zwei Meliponenz\u00fcchter in der Provinz Mayabeque in Kuba, die von ihren Familien unterst\u00fctzt werden. Die Meliponikultur bezieht sich auf die Zucht und Haltung von stachellosen Bienen namens Meliponas Beecheii \u2013 in Kuba Erdbienen genannt. Wir betreiben eine intensive, moderne und wandernde Meliponenzucht, die jedoch umweltfreundlich und vor allem bienenfreundlich ist. Wir&#8230;<\/p>\n","protected":false},"author":1,"featured_media":684,"parent":0,"menu_order":0,"comment_status":"closed","ping_status":"closed","template":"","meta":{"_kadence_starter_templates_imported_post":true,"_kad_post_transparent":"","_kad_post_title":"hide","_kad_post_layout":"fullwidth","_kad_post_sidebar_id":"","_kad_post_content_style":"unboxed","_kad_post_vertical_padding":"hide","_kad_post_feature":"hide","_kad_post_feature_position":"","_kad_post_header":false,"_kad_post_footer":false,"_kad_post_classname":"","footnotes":""},"class_list":["post-998","page","type-page","status-publish","has-post-thumbnail","hentry"],"_links":{"self":[{"href":"https:\/\/www.meliponarios-loriga.com\/index.php\/wp-json\/wp\/v2\/pages\/998","targetHints":{"allow":["GET"]}}],"collection":[{"href":"https:\/\/www.meliponarios-loriga.com\/index.php\/wp-json\/wp\/v2\/pages"}],"about":[{"href":"https:\/\/www.meliponarios-loriga.com\/index.php\/wp-json\/wp\/v2\/types\/page"}],"author":[{"embeddable":true,"href":"https:\/\/www.meliponarios-loriga.com\/index.php\/wp-json\/wp\/v2\/users\/1"}],"replies":[{"embeddable":true,"href":"https:\/\/www.meliponarios-loriga.com\/index.php\/wp-json\/wp\/v2\/comments?post=998"}],"version-history":[{"count":3,"href":"https:\/\/www.meliponarios-loriga.com\/index.php\/wp-json\/wp\/v2\/pages\/998\/revisions"}],"predecessor-version":[{"id":1119,"href":"https:\/\/www.meliponarios-loriga.com\/index.php\/wp-json\/wp\/v2\/pages\/998\/revisions\/1119"}],"wp:featuredmedia":[{"embeddable":true,"href":"https:\/\/www.meliponarios-loriga.com\/index.php\/wp-json\/wp\/v2\/media\/684"}],"wp:attachment":[{"href":"https:\/\/www.meliponarios-loriga.com\/index.php\/wp-json\/wp\/v2\/media?parent=998"}],"curies":[{"name":"wp","href":"https:\/\/api.w.org\/{rel}","templated":true}]}}